{"id":1748,"date":"2025-03-07T12:19:10","date_gmt":"2025-03-07T12:19:10","guid":{"rendered":"https:\/\/paradise-cosmetics.de\/index.php\/datenschutz-2\/"},"modified":"2025-05-16T18:04:30","modified_gmt":"2025-05-16T18:04:30","slug":"agb","status":"publish","type":"page","link":"https:\/\/crma.paradise-cosmetics.de\/index.php\/agb\/","title":{"rendered":"AGB"},"content":{"rendered":"\t\t<div data-elementor-type=\"wp-page\" data-elementor-id=\"1748\" class=\"elementor elementor-1748\" data-elementor-post-type=\"page\">\n\t\t\t\t\t\t<section class=\"elementor-section elementor-top-section elementor-element elementor-element-654e888 animated-slow elementor-section-boxed elementor-section-height-default elementor-section-height-default elementor-invisible\" data-id=\"654e888\" data-element_type=\"section\" data-e-type=\"section\" data-settings=\"{&quot;animation&quot;:&quot;fadeIn&quot;}\">\n\t\t\t\t\t\t<div class=\"elementor-container elementor-column-gap-default\">\n\t\t\t\t\t<div class=\"elementor-column elementor-col-100 elementor-top-column elementor-element elementor-element-11a68b0\" data-id=\"11a68b0\" data-element_type=\"column\" data-e-type=\"column\">\n\t\t\t<div class=\"elementor-widget-wrap elementor-element-populated\">\n\t\t\t\t\t\t<div class=\"elementor-element elementor-element-616eef5 elementor-widget elementor-widget-slider_revolution\" data-id=\"616eef5\" data-element_type=\"widget\" data-e-type=\"widget\" data-widget_type=\"slider_revolution.default\">\n\t\t\t\t<div class=\"elementor-widget-container\">\n\t\t\t\t\t\n\t\t<div class=\"wp-block-themepunch-revslider\">\n\t\t\t\t<p class=\"rs-p-wp-fix\"><\/p>\n\t\t\t\t<sr7-module data-alias=\"slider-1\" data-id=\"1\" id=\"SR7_1_1\" class=\"rs-ov-hidden\" data-version=\"6.7.17\">\n\t\t\t\t\t<sr7-adjuster><\/sr7-adjuster>\n\t\t\t\t\t<sr7-content>\n\t\t\t\t\t\t<sr7-slide id=\"SR7_1_1-4\" data-key=\"4\">\n\t\t\t\t\t\t\t<sr7-bg id=\"SR7_1_1-4-1\" class=\"sr7-layer\"><noscript><img decoding=\"async\" src=\"https:\/\/crma.paradise-cosmetics.de\/wp-content\/uploads\/2026\/02\/CRMA3.png\" alt=\"\" title=\"CRMA3\"><\/noscript><\/sr7-bg>\n\t\t\t\t\t\t<\/sr7-slide>\n\t\t\t\t\t\t<sr7-slide id=\"SR7_1_1-3\" data-key=\"3\">\n\t\t\t\t\t\t<\/sr7-slide>\n\t\t\t\t\t<\/sr7-content>\n\t\t\t\t\t<image_lists style=\"display:none\">\n\t\t\t\t\t\t<img data-src=\"\/\/crma.paradise-cosmetics.de\/wp-content\/uploads\/2026\/02\/CRMA3.png\" data-libid=\"3458\" data-lib=\"medialibrary\" title=\"CRMA3\" width=\"0\" height=\"0\" data-dbsrc=\"Ly9jcm1hLnBhcmFkaXNlLWNvc21ldGljcy5kZS93cC1jb250ZW50L3VwbG9hZHMvMjAyNi8wMi9DUk1BMy5wbmc=\"\/>\n\t\t\t\t\t<\/image_lists>\n\t\t\t\t<\/sr7-module>\n\t\t\t\t<script>\n\t\t\t\t\tSR7.PMH ??={}; SR7.PMH[\"SR7_1_1\"] = {cn:0,state:false,fn: function() { if (_tpt!==undefined && _tpt.prepareModuleHeight !== undefined) {  _tpt.prepareModuleHeight({id:\"SR7_1_1\",el:[923,923,650,550,500],type:'standard',shdw:'0',gh:[923,923,650,550,500],gw:[1300,1300,1024,778,480],vpt:['100px&#039;,&#039;100px&#039;,&#039;100px&#039;,&#039;100px&#039;,&#039;100px'],size:{fullWidth:true, fullHeight:false},mh:'0',onh:0,onw:0,bg:{color:'{\"orig\":\"transparent\",\"type\":\"solid\",\"string\":\"transparent\"}'}});   SR7.PMH[\"SR7_1_1\"].state=true;} else if((SR7.PMH[\"SR7_1_1\"].cn++)<100)\tsetTimeout( SR7.PMH[\"SR7_1_1\"].fn,19);}};SR7.PMH[\"SR7_1_1\" ].fn();\n\t\t\t\t<\/script>\n<\/div>\n\n\t\t\t\t\t\t<\/div>\n\t\t\t\t<\/div>\n\t\t\t\t\t<\/div>\n\t\t<\/div>\n\t\t\t\t\t<\/div>\n\t\t<\/section>\n\t\t<div class=\"elementor-element elementor-element-62812b1 e-flex e-con-boxed e-con e-parent\" data-id=\"62812b1\" data-element_type=\"container\" data-e-type=\"container\">\n\t\t\t\t\t<div class=\"e-con-inner\">\n\t\t<div class=\"elementor-element elementor-element-42c55b3 e-con-full e-flex e-con e-child\" data-id=\"42c55b3\" data-element_type=\"container\" data-e-type=\"container\">\n\t\t\t\t<div class=\"elementor-element elementor-element-5a61e6a elementor-widget elementor-widget-text-editor\" data-id=\"5a61e6a\" data-element_type=\"widget\" data-e-type=\"widget\" data-widget_type=\"text-editor.default\">\n\t\t\t\t<div class=\"elementor-widget-container\">\n\t\t\t\t\t\t\t\t\t<p>Willkommen bei Paradise Cosmetics in N\u00fcrnberg.<\/p>\t\t\t\t\t\t\t\t<\/div>\n\t\t\t\t<\/div>\n\t\t\t\t<\/div>\n\t\t\t\t\t<\/div>\n\t\t\t\t<\/div>\n\t\t<div class=\"elementor-element elementor-element-05a7d9c e-flex e-con-boxed e-con e-parent\" data-id=\"05a7d9c\" data-element_type=\"container\" data-e-type=\"container\">\n\t\t\t\t\t<div class=\"e-con-inner\">\n\t\t\t\t<div class=\"elementor-element elementor-element-2515a83 elementor-widget elementor-widget-spacer\" data-id=\"2515a83\" data-element_type=\"widget\" data-e-type=\"widget\" data-widget_type=\"spacer.default\">\n\t\t\t\t<div class=\"elementor-widget-container\">\n\t\t\t\t\t\t\t<div class=\"elementor-spacer\">\n\t\t\t<div class=\"elementor-spacer-inner\"><\/div>\n\t\t<\/div>\n\t\t\t\t\t\t<\/div>\n\t\t\t\t<\/div>\n\t\t\t\t\t<\/div>\n\t\t\t\t<\/div>\n\t\t<div class=\"elementor-element elementor-element-9124aa6 e-flex e-con-boxed e-con e-parent\" data-id=\"9124aa6\" data-element_type=\"container\" data-e-type=\"container\">\n\t\t\t\t\t<div class=\"e-con-inner\">\n\t\t\t\t<div class=\"elementor-element elementor-element-ca140ee elementor-widget elementor-widget-text-editor\" data-id=\"ca140ee\" data-element_type=\"widget\" data-e-type=\"widget\" data-widget_type=\"text-editor.default\">\n\t\t\t\t<div class=\"elementor-widget-container\">\n\t\t\t\t\t\t\t\t\t<p data-start=\"0\" data-end=\"41\"><strong data-start=\"0\" data-end=\"41\">Allgemeine Gesch\u00e4ftsbedingungen (AGB)<\/strong><\/p><p>\u00a0<\/p><ol><li><p>Terminabsagen<br \/>Termine k\u00f6nnen bis sp\u00e4testens 24 Stunden vor dem vereinbarten Zeitpunkt kostenfrei storniert oder verschoben werden.<\/p><p>\u00a0<\/p><\/li><li><p>Kurzfristige Absagen oder Nichterscheinen<br \/>Bei Absagen weniger als 24 Stunden vor dem Termin oder bei Nichterscheinen ohne Absage behalten wir uns vor, eine Ausfallgeb\u00fchr in H\u00f6he von 80\u2013100 % des gebuchten Behandlungspreises in Rechnung zu stellen.<\/p><p>\u00a0<\/p><\/li><li><p>Ausnahmen<br \/>In F\u00e4llen von Krankheit oder unvorhersehbaren Notf\u00e4llen bitten wir um schnellstm\u00f6gliche Mitteilung. Kulanzregelungen k\u00f6nnen im Einzelfall getroffen werden.<\/p><p>\u00a0<\/p><\/li><li><p>Rechnungsstellung bei Nichtabsage<br \/>Bei nicht fristgerechter Absage erhalten Sie eine Rechnung per E-Mail oder Post, zahlbar innerhalb von 7 Tagen.<\/p><p>\u00a0<\/p><p>Mit der Buchung eines Termins erkennen Sie diese Bedingungen an.<\/p><\/li><\/ol>\t\t\t\t\t\t\t\t<\/div>\n\t\t\t\t<\/div>\n\t\t\t\t\t<\/div>\n\t\t\t\t<\/div>\n\t\t<div class=\"elementor-element elementor-element-15018b8 e-flex e-con-boxed e-con e-parent\" data-id=\"15018b8\" data-element_type=\"container\" data-e-type=\"container\">\n\t\t\t\t\t<div class=\"e-con-inner\">\n\t\t\t\t<div class=\"elementor-element elementor-element-d3e0baf elementor-widget elementor-widget-spacer\" data-id=\"d3e0baf\" data-element_type=\"widget\" data-e-type=\"widget\" data-widget_type=\"spacer.default\">\n\t\t\t\t<div class=\"elementor-widget-container\">\n\t\t\t\t\t\t\t<div class=\"elementor-spacer\">\n\t\t\t<div class=\"elementor-spacer-inner\"><\/div>\n\t\t<\/div>\n\t\t\t\t\t\t<\/div>\n\t\t\t\t<\/div>\n\t\t\t\t\t<\/div>\n\t\t\t\t<\/div>\n\t\t<div class=\"elementor-element elementor-element-0b12679 e-con-full e-flex e-con e-parent\" data-id=\"0b12679\" data-element_type=\"container\" data-e-type=\"container\" data-settings=\"{&quot;background_background&quot;:&quot;classic&quot;}\">\n\t\t<div class=\"elementor-element elementor-element-6164515 e-con-full e-flex e-con e-child\" data-id=\"6164515\" data-element_type=\"container\" data-e-type=\"container\">\n\t\t\t\t<div class=\"elementor-element elementor-element-d05cdae elementor-widget elementor-widget-spacer\" data-id=\"d05cdae\" data-element_type=\"widget\" data-e-type=\"widget\" data-widget_type=\"spacer.default\">\n\t\t\t\t<div class=\"elementor-widget-container\">\n\t\t\t\t\t\t\t<div class=\"elementor-spacer\">\n\t\t\t<div class=\"elementor-spacer-inner\"><\/div>\n\t\t<\/div>\n\t\t\t\t\t\t<\/div>\n\t\t\t\t<\/div>\n\t\t\t\t<\/div>\n\t\t<div class=\"elementor-element elementor-element-0a66480 e-con-full e-flex e-con e-child\" data-id=\"0a66480\" data-element_type=\"container\" data-e-type=\"container\">\n\t\t<div class=\"elementor-element elementor-element-01a0d26 e-con-full e-flex e-con e-child\" data-id=\"01a0d26\" data-element_type=\"container\" data-e-type=\"container\">\n\t\t\t\t<\/div>\n\t\t<div class=\"elementor-element elementor-element-fec1336 e-con-full e-flex e-con e-child\" data-id=\"fec1336\" data-element_type=\"container\" data-e-type=\"container\">\n\t\t\t\t<\/div>\n\t\t\t\t<\/div>\n\t\t\t\t<\/div>\n\t\t\t\t<\/div>\n\t\t","protected":false},"excerpt":{"rendered":"<p>Willkommen bei Paradise Cosmetics in N\u00fcrnberg. Allgemeine Gesch\u00e4ftsbedingungen (AGB) \u00a0 TerminabsagenTermine k\u00f6nnen bis sp\u00e4testens 24 Stunden vor dem vereinbarten Zeitpunkt kostenfrei storniert oder verschoben werden. \u00a0 Kurzfristige Absagen oder NichterscheinenBei Absagen weniger als 24 Stunden vor dem Termin oder bei Nichterscheinen ohne Absage behalten wir uns vor, eine Ausfallgeb\u00fchr in H\u00f6he von 80\u2013100 % des&#8230;<\/p>\n","protected":false},"author":1,"featured_media":0,"parent":0,"menu_order":0,"comment_status":"closed","ping_status":"closed","template":"","meta":{"_kad_post_transparent":"","_kad_post_title":"hide","_kad_post_layout":"default","_kad_post_sidebar_id":"","_kad_post_content_style":"unboxed","_kad_post_vertical_padding":"hide","_kad_post_feature":"hide","_kad_post_feature_position":"","_kad_post_header":false,"_kad_post_footer":false,"footnotes":""},"class_list":["post-1748","page","type-page","status-publish","hentry"],"_links":{"self":[{"href":"https:\/\/crma.paradise-cosmetics.de\/index.php\/wp-json\/wp\/v2\/pages\/1748","targetHints":{"allow":["GET"]}}],"collection":[{"href":"https:\/\/crma.paradise-cosmetics.de\/index.php\/wp-json\/wp\/v2\/pages"}],"about":[{"href":"https:\/\/crma.paradise-cosmetics.de\/index.php\/wp-json\/wp\/v2\/types\/page"}],"author":[{"embeddable":true,"href":"https:\/\/crma.paradise-cosmetics.de\/index.php\/wp-json\/wp\/v2\/users\/1"}],"replies":[{"embeddable":true,"href":"https:\/\/crma.paradise-cosmetics.de\/index.php\/wp-json\/wp\/v2\/comments?post=1748"}],"version-history":[{"count":13,"href":"https:\/\/crma.paradise-cosmetics.de\/index.php\/wp-json\/wp\/v2\/pages\/1748\/revisions"}],"predecessor-version":[{"id":3096,"href":"https:\/\/crma.paradise-cosmetics.de\/index.php\/wp-json\/wp\/v2\/pages\/1748\/revisions\/3096"}],"wp:attachment":[{"href":"https:\/\/crma.paradise-cosmetics.de\/index.php\/wp-json\/wp\/v2\/media?parent=1748"}],"curies":[{"name":"wp","href":"https:\/\/api.w.org\/{rel}","templated":true}]}}