{"id":504,"date":"2024-10-01T10:44:52","date_gmt":"2024-10-01T10:44:52","guid":{"rendered":"https:\/\/cms.googlycode.com\/wp65\/?page_id=9"},"modified":"2026-02-07T16:50:27","modified_gmt":"2026-02-07T16:50:27","slug":"home","status":"publish","type":"page","link":"https:\/\/crma.paradise-cosmetics.de\/","title":{"rendered":"Home"},"content":{"rendered":"\t\t<div data-elementor-type=\"wp-page\" data-elementor-id=\"504\" class=\"elementor elementor-504\" data-elementor-post-type=\"page\">\n\t\t\t\t\t\t<section class=\"elementor-section elementor-top-section elementor-element elementor-element-654e888 animated-slow elementor-section-boxed elementor-section-height-default elementor-section-height-default elementor-invisible\" data-id=\"654e888\" data-element_type=\"section\" data-e-type=\"section\" data-settings=\"{&quot;animation&quot;:&quot;fadeIn&quot;}\">\n\t\t\t\t\t\t<div class=\"elementor-container elementor-column-gap-default\">\n\t\t\t\t\t<div class=\"elementor-column elementor-col-100 elementor-top-column elementor-element elementor-element-11a68b0\" data-id=\"11a68b0\" data-element_type=\"column\" data-e-type=\"column\">\n\t\t\t<div class=\"elementor-widget-wrap elementor-element-populated\">\n\t\t\t\t\t\t<div class=\"elementor-element elementor-element-616eef5 elementor-widget elementor-widget-slider_revolution\" data-id=\"616eef5\" data-element_type=\"widget\" data-e-type=\"widget\" data-widget_type=\"slider_revolution.default\">\n\t\t\t\t<div class=\"elementor-widget-container\">\n\t\t\t\t\t\n\t\t<div class=\"wp-block-themepunch-revslider\">\n\t\t\t\t<p class=\"rs-p-wp-fix\"><\/p>\n\t\t\t\t<sr7-module data-alias=\"slider-1\" data-id=\"1\" id=\"SR7_1_1\" class=\"rs-ov-hidden\" data-version=\"6.7.17\">\n\t\t\t\t\t<sr7-adjuster><\/sr7-adjuster>\n\t\t\t\t\t<sr7-content>\n\t\t\t\t\t\t<sr7-slide id=\"SR7_1_1-4\" data-key=\"4\">\n\t\t\t\t\t\t\t<sr7-bg id=\"SR7_1_1-4-1\" class=\"sr7-layer\"><noscript><img decoding=\"async\" src=\"https:\/\/crma.paradise-cosmetics.de\/wp-content\/uploads\/2026\/02\/CRMA3.png\" alt=\"\" title=\"CRMA3\"><\/noscript><\/sr7-bg>\n\t\t\t\t\t\t<\/sr7-slide>\n\t\t\t\t\t\t<sr7-slide id=\"SR7_1_1-3\" data-key=\"3\">\n\t\t\t\t\t\t<\/sr7-slide>\n\t\t\t\t\t<\/sr7-content>\n\t\t\t\t\t<image_lists style=\"display:none\">\n\t\t\t\t\t\t<img data-src=\"\/\/crma.paradise-cosmetics.de\/wp-content\/uploads\/2026\/02\/CRMA3.png\" data-libid=\"3458\" data-lib=\"medialibrary\" title=\"CRMA3\" width=\"0\" height=\"0\" data-dbsrc=\"Ly9jcm1hLnBhcmFkaXNlLWNvc21ldGljcy5kZS93cC1jb250ZW50L3VwbG9hZHMvMjAyNi8wMi9DUk1BMy5wbmc=\"\/>\n\t\t\t\t\t<\/image_lists>\n\t\t\t\t<\/sr7-module>\n\t\t\t\t<script>\n\t\t\t\t\tSR7.PMH ??={}; SR7.PMH[\"SR7_1_1\"] = {cn:0,state:false,fn: function() { if (_tpt!==undefined && _tpt.prepareModuleHeight !== undefined) {  _tpt.prepareModuleHeight({id:\"SR7_1_1\",el:[923,923,650,550,500],type:'standard',shdw:'0',gh:[923,923,650,550,500],gw:[1300,1300,1024,778,480],vpt:['100px&#039;,&#039;100px&#039;,&#039;100px&#039;,&#039;100px&#039;,&#039;100px'],size:{fullWidth:true, fullHeight:false},mh:'0',onh:0,onw:0,bg:{color:'{\"orig\":\"transparent\",\"type\":\"solid\",\"string\":\"transparent\"}'}});   SR7.PMH[\"SR7_1_1\"].state=true;} else if((SR7.PMH[\"SR7_1_1\"].cn++)<100)\tsetTimeout( SR7.PMH[\"SR7_1_1\"].fn,19);}};SR7.PMH[\"SR7_1_1\" ].fn();\n\t\t\t\t<\/script>\n<\/div>\n\n\t\t\t\t\t\t<\/div>\n\t\t\t\t<\/div>\n\t\t\t\t\t<\/div>\n\t\t<\/div>\n\t\t\t\t\t<\/div>\n\t\t<\/section>\n\t\t<div class=\"elementor-element elementor-element-62812b1 e-flex e-con-boxed e-con e-parent\" data-id=\"62812b1\" data-element_type=\"container\" data-e-type=\"container\">\n\t\t\t\t\t<div class=\"e-con-inner\">\n\t\t<div class=\"elementor-element elementor-element-42c55b3 e-con-full e-flex e-con e-child\" data-id=\"42c55b3\" data-element_type=\"container\" data-e-type=\"container\">\n\t\t\t\t<div class=\"elementor-element elementor-element-5a61e6a elementor-widget elementor-widget-text-editor\" data-id=\"5a61e6a\" data-element_type=\"widget\" data-e-type=\"widget\" data-widget_type=\"text-editor.default\">\n\t\t\t\t<div class=\"elementor-widget-container\">\n\t\t\t\t\t\t\t\t\t<p>Anamnese Aufnahme Digital<\/p>\t\t\t\t\t\t\t\t<\/div>\n\t\t\t\t<\/div>\n\t\t\t\t<\/div>\n\t\t\t\t\t<\/div>\n\t\t\t\t<\/div>\n\t\t<div class=\"elementor-element elementor-element-05a7d9c e-flex e-con-boxed e-con e-parent\" data-id=\"05a7d9c\" data-element_type=\"container\" data-e-type=\"container\">\n\t\t\t\t\t<div class=\"e-con-inner\">\n\t\t\t\t<div class=\"elementor-element elementor-element-2515a83 elementor-widget elementor-widget-spacer\" data-id=\"2515a83\" data-element_type=\"widget\" data-e-type=\"widget\" data-widget_type=\"spacer.default\">\n\t\t\t\t<div class=\"elementor-widget-container\">\n\t\t\t\t\t\t\t<div class=\"elementor-spacer\">\n\t\t\t<div class=\"elementor-spacer-inner\"><\/div>\n\t\t<\/div>\n\t\t\t\t\t\t<\/div>\n\t\t\t\t<\/div>\n\t\t\t\t\t<\/div>\n\t\t\t\t<\/div>\n\t\t<div class=\"elementor-element elementor-element-5e33c23 e-flex e-con-boxed e-con e-parent\" data-id=\"5e33c23\" data-element_type=\"container\" data-e-type=\"container\">\n\t\t\t\t\t<div class=\"e-con-inner\">\n\t\t<div class=\"elementor-element elementor-element-965e8fc e-con-full e-flex e-con e-child\" data-id=\"965e8fc\" data-element_type=\"container\" data-e-type=\"container\">\n\t\t\t\t<\/div>\n\t\t<div class=\"elementor-element elementor-element-f1fc447 e-con-full e-flex e-con e-child\" data-id=\"f1fc447\" data-element_type=\"container\" data-e-type=\"container\">\n\t\t\t\t<div class=\"elementor-element elementor-element-94af36e elementor-widget__width-initial elementor-widget elementor-widget-shortcode\" data-id=\"94af36e\" data-element_type=\"widget\" data-e-type=\"widget\" data-widget_type=\"shortcode.default\">\n\t\t\t\t<div class=\"elementor-widget-container\">\n\t\t\t\t\t\t\t<div class=\"elementor-shortcode\">    <div class=\"pc-anamnese\" data-pc-anamnese>\n      <div class=\"pc-header\">\n        <div class=\"pc-title\">Anamnese & Einwilligungen<\/div>\n        <div class=\"pc-subtitle\">Bitte f\u00fcllen Sie das Formular vollst\u00e4ndig aus und unterschreiben Sie am Ende.<\/div>\n      <\/div>\n\n      <div class=\"pc-step\" data-step=\"0\">\n        <h3>Behandlung ausw\u00e4hlen<\/h3>\n        <p>Bitte w\u00e4hlen Sie die Behandlung aus, f\u00fcr die Sie die Anamnese ausf\u00fcllen.<\/p>\n        <select class=\"pc-input\" data-treatment-select>\n          <option value=\"\">Bitte w\u00e4hlen\u2026<\/option>\n        <\/select>\n        <div class=\"pc-actions\">\n          <button class=\"pc-btn pc-primary\" data-next disabled>Weiter<\/button>\n        <\/div>\n      <\/div>\n\n      <div class=\"pc-step\" data-step=\"1\" hidden>\n        <h3>Kernbogen<\/h3>\n        <div data-fields-core><\/div>\n        <div class=\"pc-actions\">\n          <button class=\"pc-btn\" data-prev>Zur\u00fcck<\/button>\n          <button class=\"pc-btn pc-primary\" data-next>Weiter<\/button>\n        <\/div>\n      <\/div>\n\n      <div class=\"pc-step\" data-step=\"2\" hidden>\n        <h3>Behandlungsspezifische Angaben<\/h3>\n        <div data-fields-treatment><\/div>\n        <div class=\"pc-info\" data-treatment-info><\/div>\n        <div class=\"pc-actions\">\n          <button class=\"pc-btn\" data-prev>Zur\u00fcck<\/button>\n          <button class=\"pc-btn pc-primary\" data-next>Weiter<\/button>\n        <\/div>\n      <\/div>\n\n      <div class=\"pc-step\" data-step=\"3\" hidden>\n        <h3>Unterschrift<\/h3>\n        <p>Bitte lesen und best\u00e4tigen Sie die Einverst\u00e4ndniserkl\u00e4rung und unterschreiben Sie anschlie\u00dfend handschriftlich (Tablet empfohlen):<\/p>\n\n<div class=\"pc-consent-section\" data-consent-section style=\"margin:16px 0\">\n  <h4 style=\"margin:0 0 8px\">Einverst\u00e4ndniserkl\u00e4rung zur ausgew\u00e4hlten Behandlung<\/h4>\n  <div class=\"pc-consent-title\" data-consent-title style=\"font-weight:600;margin-bottom:6px\"><\/div>\n  <div class=\"pc-consent-box\" data-consent-content><\/div>\n  <div style=\"margin-top:8px\">\n    <a href=\"#\" target=\"_blank\" rel=\"noopener\" data-consent-open>Dokument \u00f6ffnen<\/a> &nbsp;|&nbsp; <a href=\"#\" target=\"_blank\" rel=\"noopener\" data-consent-open-general>Allgemeine Einverst\u00e4ndniserkl\u00e4rung \u00f6ffnen<\/a>\n  <\/div>\n  <div class=\"pc-field\" style=\"margin-top:10px\">\n    <div style=\"display:flex;gap:10px;align-items:flex-start\">\n      <input type=\"checkbox\" id=\"pc_consent_general_doc\" data-consent-check-general \/>\n      <div>\n        <label for=\"pc_consent_general_doc\"><strong>Pflicht:<\/strong> Ich habe die <a href=\"#\" target=\"_blank\" rel=\"noopener\" data-consent-open-general-inline>allgemeine Einverst\u00e4ndniserkl\u00e4rung<\/a> gelesen, verstanden und willige ein.<\/label>\n      <\/div>\n    <\/div>\n  <\/div>\n  <div class=\"pc-field\" style=\"margin-top:6px\" data-consent-treatment-check-wrap>\n    <div style=\"display:flex;gap:10px;align-items:flex-start\">\n      <input type=\"checkbox\" id=\"pc_consent_treatment_doc\" data-consent-check-treatment \/>\n      <div>\n        <label for=\"pc_consent_treatment_doc\"><strong>Pflicht:<\/strong> Ich habe die <a href=\"#\" target=\"_blank\" rel=\"noopener\" data-consent-open-inline>behandlungsspezifische Einverst\u00e4ndniserkl\u00e4rung<\/a> gelesen, verstanden und willige ein.<\/label>\n      <\/div>\n    <\/div>\n  <\/div>\n<\/div>\n\n        <div class=\"pc-sign-wrap\">\n          <canvas class=\"pc-sign\" width=\"720\" height=\"220\" data-sign-canvas><\/canvas>\n          <div class=\"pc-sign-actions\">\n            <button class=\"pc-btn\" data-sign-clear>L\u00f6schen<\/button>\n            <button class=\"pc-btn\" data-sign-undo>R\u00fcckg\u00e4ngig<\/button>\n          <\/div>\n          <div class=\"pc-hint\">Mit Ihrer Unterschrift best\u00e4tigen Sie die Richtigkeit Ihrer Angaben und Ihre Einwilligungen.<\/div>\n        <\/div>\n\n        <div class=\"pc-actions\">\n          <button class=\"pc-btn\" data-prev>Zur\u00fcck<\/button>\n          <button class=\"pc-btn pc-primary\" data-submit>Absenden<\/button>\n        <\/div>\n        <div class=\"pc-status\" data-status><\/div>\n      <\/div>\n\n      <div class=\"pc-step\" data-step=\"4\" hidden>\n        <h3>Vielen Dank<\/h3>\n        <p>Ihre Anamnese wurde erfolgreich \u00fcbermittelt.<\/p>\n        <div class=\"pc-status pc-success\" data-success><\/div>\n      <\/div>\n    <\/div>\n    \n<\/div>\n\t\t\t\t\t\t<\/div>\n\t\t\t\t<\/div>\n\t\t\t\t<\/div>\n\t\t<div class=\"elementor-element elementor-element-484ea5e e-con-full e-flex e-con e-child\" data-id=\"484ea5e\" data-element_type=\"container\" data-e-type=\"container\">\n\t\t\t\t<\/div>\n\t\t\t\t\t<\/div>\n\t\t\t\t<\/div>\n\t\t<div class=\"elementor-element elementor-element-527d31c e-flex e-con-boxed e-con e-parent\" data-id=\"527d31c\" data-element_type=\"container\" data-e-type=\"container\">\n\t\t\t\t\t<div class=\"e-con-inner\">\n\t\t\t\t<div class=\"elementor-element elementor-element-826d574 elementor-widget elementor-widget-spacer\" data-id=\"826d574\" data-element_type=\"widget\" data-e-type=\"widget\" data-widget_type=\"spacer.default\">\n\t\t\t\t<div class=\"elementor-widget-container\">\n\t\t\t\t\t\t\t<div class=\"elementor-spacer\">\n\t\t\t<div class=\"elementor-spacer-inner\"><\/div>\n\t\t<\/div>\n\t\t\t\t\t\t<\/div>\n\t\t\t\t<\/div>\n\t\t\t\t\t<\/div>\n\t\t\t\t<\/div>\n\t\t<div class=\"elementor-element elementor-element-65a466a e-flex e-con-boxed e-con e-parent\" data-id=\"65a466a\" data-element_type=\"container\" data-e-type=\"container\">\n\t\t\t\t\t<div class=\"e-con-inner\">\n\t\t<div class=\"elementor-element elementor-element-ed34051 e-con-full e-flex e-con e-child\" data-id=\"ed34051\" data-element_type=\"container\" data-e-type=\"container\">\n\t\t\t\t<div class=\"elementor-element elementor-element-99fca85 animated-slow elementor-invisible elementor-widget elementor-widget-image\" data-id=\"99fca85\" data-element_type=\"widget\" data-e-type=\"widget\" data-settings=\"{&quot;_animation&quot;:&quot;fadeInLeft&quot;,&quot;_animation_delay&quot;:300}\" data-widget_type=\"image.default\">\n\t\t\t\t<div class=\"elementor-widget-container\">\n\t\t\t\t\t\t\t\t\t\t\t\t\t\t\t<img fetchpriority=\"high\" decoding=\"async\" width=\"713\" height=\"543\" src=\"https:\/\/crma.paradise-cosmetics.de\/wp-content\/uploads\/2025\/02\/Bild-t.jpg\" class=\"attachment-large size-large wp-image-760\" alt=\"\" srcset=\"https:\/\/crma.paradise-cosmetics.de\/wp-content\/uploads\/2025\/02\/Bild-t.jpg 713w, https:\/\/crma.paradise-cosmetics.de\/wp-content\/uploads\/2025\/02\/Bild-t-300x228.jpg 300w\" sizes=\"(max-width: 713px) 100vw, 713px\" \/>\t\t\t\t\t\t\t\t\t\t\t\t\t\t\t<\/div>\n\t\t\t\t<\/div>\n\t\t\t\t<\/div>\n\t\t<div class=\"elementor-element elementor-element-f2b9171 e-con-full e-flex e-con e-child\" data-id=\"f2b9171\" data-element_type=\"container\" data-e-type=\"container\">\n\t\t\t\t<div class=\"elementor-element elementor-element-9486aa7 animated-slow elementor-invisible elementor-widget elementor-widget-text-editor\" data-id=\"9486aa7\" data-element_type=\"widget\" data-e-type=\"widget\" data-settings=\"{&quot;_animation&quot;:&quot;fadeInRight&quot;}\" data-widget_type=\"text-editor.default\">\n\t\t\t\t<div class=\"elementor-widget-container\">\n\t\t\t\t\t\t\t\t\t<div class=\"cm_column cm-container-large cm-container-no-columns-2\"><h3 data-start=\"0\" data-end=\"56\"><strong data-start=\"4\" data-end=\"56\"><br \/>Shape Your Body \u2013 Dein Weg zu Deinem Traumk\u00f6rper<\/strong><\/h3><\/div>\t\t\t\t\t\t\t\t<\/div>\n\t\t\t\t<\/div>\n\t\t\t\t<div class=\"elementor-element elementor-element-6a3ced6 animated-slow elementor-invisible elementor-widget elementor-widget-text-editor\" data-id=\"6a3ced6\" data-element_type=\"widget\" data-e-type=\"widget\" data-settings=\"{&quot;_animation&quot;:&quot;zoomIn&quot;,&quot;_animation_delay&quot;:300}\" data-widget_type=\"text-editor.default\">\n\t\t\t\t<div class=\"elementor-widget-container\">\n\t\t\t\t\t\t\t\t\t<div class=\"cm_column cm-container-large cm-container-no-columns-2\">\u00a0<\/div><div class=\"cm_column cm-container-large cm-container-no-columns-2\"><p data-start=\"58\" data-end=\"478\">Bei Paradise Cosmetics dreht sich alles darum, dir zu helfen, den K\u00f6rper zu erreichen, den du dir immer gew\u00fcnscht hast. Mit innovativen Technologien und individuell abgestimmten Behandlungen bieten wir dir eine ganzheitliche L\u00f6sung f\u00fcr Fettreduzierung, Bodyforming und Hautstraffung. Wir setzen auf non-invasive Methoden, die deinen K\u00f6rper sanft und effektiv formen, ganz ohne chirurgische Eingriffe.<\/p><p data-start=\"3664\" data-end=\"3797\">\u00a0<\/p><\/div>\t\t\t\t\t\t\t\t<\/div>\n\t\t\t\t<\/div>\n\t\t\t\t<\/div>\n\t\t\t\t\t<\/div>\n\t\t\t\t<\/div>\n\t\t\t\t<\/div>\n\t\t","protected":false},"excerpt":{"rendered":"<p>Anamnese Aufnahme Digital Shape Your Body \u2013 Dein Weg zu Deinem Traumk\u00f6rper \u00a0 Bei Paradise Cosmetics dreht sich alles darum, dir zu helfen, den K\u00f6rper zu erreichen, den du dir immer gew\u00fcnscht hast. Mit innovativen Technologien und individuell abgestimmten Behandlungen bieten wir dir eine ganzheitliche L\u00f6sung f\u00fcr Fettreduzierung, Bodyforming und Hautstraffung. Wir setzen auf non-invasive&#8230;<\/p>\n","protected":false},"author":1,"featured_media":0,"parent":0,"menu_order":0,"comment_status":"closed","ping_status":"closed","template":"","meta":{"_kad_post_transparent":"","_kad_post_title":"hide","_kad_post_layout":"default","_kad_post_sidebar_id":"","_kad_post_content_style":"unboxed","_kad_post_vertical_padding":"hide","_kad_post_feature":"hide","_kad_post_feature_position":"","_kad_post_header":false,"_kad_post_footer":false,"footnotes":""},"class_list":["post-504","page","type-page","status-publish","hentry"],"_links":{"self":[{"href":"https:\/\/crma.paradise-cosmetics.de\/index.php\/wp-json\/wp\/v2\/pages\/504","targetHints":{"allow":["GET"]}}],"collection":[{"href":"https:\/\/crma.paradise-cosmetics.de\/index.php\/wp-json\/wp\/v2\/pages"}],"about":[{"href":"https:\/\/crma.paradise-cosmetics.de\/index.php\/wp-json\/wp\/v2\/types\/page"}],"author":[{"embeddable":true,"href":"https:\/\/crma.paradise-cosmetics.de\/index.php\/wp-json\/wp\/v2\/users\/1"}],"replies":[{"embeddable":true,"href":"https:\/\/crma.paradise-cosmetics.de\/index.php\/wp-json\/wp\/v2\/comments?post=504"}],"version-history":[{"count":448,"href":"https:\/\/crma.paradise-cosmetics.de\/index.php\/wp-json\/wp\/v2\/pages\/504\/revisions"}],"predecessor-version":[{"id":3430,"href":"https:\/\/crma.paradise-cosmetics.de\/index.php\/wp-json\/wp\/v2\/pages\/504\/revisions\/3430"}],"wp:attachment":[{"href":"https:\/\/crma.paradise-cosmetics.de\/index.php\/wp-json\/wp\/v2\/media?parent=504"}],"curies":[{"name":"wp","href":"https:\/\/api.w.org\/{rel}","templated":true}]}}