{"id":584,"date":"2025-02-12T17:15:15","date_gmt":"2025-02-12T17:15:15","guid":{"rendered":"https:\/\/paradise-cosmetics.de\/?page_id=584"},"modified":"2025-03-24T13:44:56","modified_gmt":"2025-03-24T13:44:56","slug":"impressum","status":"publish","type":"page","link":"https:\/\/crma.paradise-cosmetics.de\/index.php\/impressum\/","title":{"rendered":"Impressum"},"content":{"rendered":"\t\t<div data-elementor-type=\"wp-page\" data-elementor-id=\"584\" class=\"elementor elementor-584\" data-elementor-post-type=\"page\">\n\t\t\t\t<div class=\"elementor-element elementor-element-803277e e-flex e-con-boxed e-con e-parent\" data-id=\"803277e\" data-element_type=\"container\" data-e-type=\"container\">\n\t\t\t\t\t<div class=\"e-con-inner\">\n\t\t\t\t<div class=\"elementor-element elementor-element-7f92d76 elementor-widget elementor-widget-text-editor\" data-id=\"7f92d76\" data-element_type=\"widget\" data-e-type=\"widget\" data-widget_type=\"text-editor.default\">\n\t\t\t\t<div class=\"elementor-widget-container\">\n\t\t\t\t\t\t\t\t\t<h4><strong>Impressum:<\/strong><\/h4><p>Verantwortlich f\u00fcr den Inhalt:<\/p><p>Cennet Falahi<br \/>Angaben gem\u00e4\u00df \u00a7 5 TMG<br \/>Paradise Cosmetics<br \/>Johannisstra\u00dfe 47 A<br \/>90419 N\u00fcrnberg<br \/>Kontakt<br \/>Telefon: <a class=\"cm_anchor\" href=\"https:\/\/www.google.com\/search?q=paradise+cosmetics+n%C3%BCrnberg&amp;oq=&amp;gs_lcrp=EgZjaHJvbWUqBggEEEUYOzIGCAAQRRg5MgcIARAAGIAEMgcIAhAAGIAEMgcIAxAAGIAEMgYIBBBFGDsyBwgFEAAYgAQyBwgGEAAYgAQyCAgHEAAYFhgeMgYICBBFGDzSAQg2MTU2ajBqMagCALACAA&amp;sourceid=chrome&amp;ie=UTF-8#\" target=\"_blank\" rel=\"noreferrer noopener\">01512 6370585<\/a><\/p><p>Registereintrag:<br \/>Eintragung im Handelsregister.<br \/>Registergericht: Amtsgericht N\u00fcrnberg<\/p><p>Umsatzsteuer-ID<br \/>Umsatzsteuer-Identifikationsnummer gem\u00e4\u00df \u00a727 a Umsatzsteuergesetz:<br \/>DE363516163<\/p><p>Finanzamt N\u00fcrnberg S\u00fcd<\/p><p>Berufsbezeichnung und berufsrechtliche Regelungen<br \/>Berufsbezeichnung: Kosmetikerin<br \/>Zust\u00e4ndige Kammer: Handwerkskammer N\u00fcrnberg<br \/>Es gelten folgende berufsrechtliche Regelungen: Ja<br \/>Regelungen einsehbar unter:<\/p><p><a class=\"cm_anchor\" href=\"http:\/\/www.hwk-mittelfranken.de\/\" target=\"_blank\" rel=\"noreferrer noopener\">http:\/\/www.hwk-mittelfranken.de<\/a><\/p><h4><strong>Haftung f\u00fcr Inhalte:<\/strong><\/h4><p>Als Diensteanbieter sind wir gem\u00e4\u00df \u00a7 7 Abs.1 TMG f\u00fcr eigene Inhalte auf diesen Seiten nach den allgemeinen Gesetzen verantwortlich. Nach \u00a7\u00a7 8 bis 10 TMG sind wir als Diensteanbieter jedoch nicht verpflichtet, \u00fcbermittelte oder gespeicherte fremde Informationen zu \u00fcberwachen oder nach Umst\u00e4nden zu forschen, die auf eine rechtswidrige T\u00e4tigkeit hinweisen.<br \/>Verpflichtungen zur Entfernung oder Sperrung der Nutzung von Informationen nach den allgemeinen Gesetzen bleiben hiervon unber\u00fchrt. Eine diesbez\u00fcgliche Haftung ist jedoch erst ab dem Zeitpunkt der Kenntnis einer konkreten Rechtsverletzung m\u00f6glich. Bei Bekanntwerden von entsprechenden Rechtsverletzungen werden wir diese Inhalte umgehend entfernen.<br \/>Haftung f\u00fcr Links<br \/>Unser Angebot enth\u00e4lt Links zu externen Websites Dritter, auf deren Inhalte wir keinen Einfluss haben. Deshalb k\u00f6nnen wir f\u00fcr diese fremden Inhalte auch keine Gew\u00e4hr \u00fcbernehmen. F\u00fcr die Inhalte der verlinkten Seiten ist stets der jeweilige Anbieter oder Betreiber der Seiten verantwortlich. Die verlinkten Seiten wurden zum Zeitpunkt der Verlinkung auf m\u00f6gliche Rechtsverst\u00f6\u00dfe \u00fcberpr\u00fcft. Rechtswidrige Inhalte waren zum Zeitpunkt der Verlinkung nicht erkennbar.<br \/>Eine permanente inhaltliche Kontrolle der verlinkten Seiten ist jedoch ohne konkrete Anhaltspunkte einer Rechtsverletzung nicht zumutbar. Bei Bekanntwerden von Rechtsverletzungen werden wir derartige Links umgehend entfernen.<br \/>Urheberrecht<br \/>Die durch die Seitenbetreiber erstellten Inhalte und Werke auf diesen Seiten unterliegen dem deutschen Urheberrecht. Die Vervielf\u00e4ltigung, Bearbeitung, Verbreitung und jede Art der Verwertung au\u00dferhalb der Grenzen des Urheberrechtes bed\u00fcrfen der schriftlichen Zustimmung des jeweiligen Autors bzw. Erstellers. Downloads und Kopien dieser Seite sind nur f\u00fcr den privaten, nicht kommerziellen Gebrauch gestattet.<br \/>Soweit die Inhalte auf dieser Seite nicht vom Betreiber erstellt wurden, werden die Urheberrechte Dritter beachtet. Insbesondere werden Inhalte Dritter als solche gekennzeichnet. Sollten Sie trotzdem auf eine Urheberrechtsverletzung aufmerksam werden, bitten wir um einen entsprechenden Hinweis. Bei Bekanntwerden von Rechtsverletzungen werden wir derartige Inhalte umgehend entfernen.<\/p><p>Fotos:<br \/>Fotos von Dilan Polat , Fotos aus Eigentum von Paradise Cosmetics<\/p><p>Alle Rechte vorbehalten. Text, Bilder und Grafiken sowie deren Anordnung auf dieser Website unterliegen dem Schutz des Urheberrechts und anderer Schutzgesetze.<br \/>Der Inhalt dieser Website darf nicht zu kommerziellen Zwecken kopiert, verbreitet, ver\u00e4ndert oder Dritten zug\u00e4nglich gemacht werden.<\/p>\t\t\t\t\t\t\t\t<\/div>\n\t\t\t\t<\/div>\n\t\t\t\t\t<\/div>\n\t\t\t\t<\/div>\n\t\t\t\t<\/div>\n\t\t","protected":false},"excerpt":{"rendered":"<p>Impressum: Verantwortlich f\u00fcr den Inhalt: Cennet FalahiAngaben gem\u00e4\u00df \u00a7 5 TMGParadise CosmeticsJohannisstra\u00dfe 47 A90419 N\u00fcrnbergKontaktTelefon: 01512 6370585 Registereintrag:Eintragung im Handelsregister.Registergericht: Amtsgericht N\u00fcrnberg Umsatzsteuer-IDUmsatzsteuer-Identifikationsnummer gem\u00e4\u00df \u00a727 a Umsatzsteuergesetz:DE363516163 Finanzamt N\u00fcrnberg S\u00fcd Berufsbezeichnung und berufsrechtliche RegelungenBerufsbezeichnung: KosmetikerinZust\u00e4ndige Kammer: Handwerkskammer N\u00fcrnbergEs gelten folgende berufsrechtliche Regelungen: JaRegelungen einsehbar unter: http:\/\/www.hwk-mittelfranken.de Haftung f\u00fcr Inhalte: Als Diensteanbieter sind wir gem\u00e4\u00df \u00a7&#8230;<\/p>\n","protected":false},"author":1,"featured_media":558,"parent":0,"menu_order":0,"comment_status":"closed","ping_status":"closed","template":"","meta":{"_kad_post_transparent":"","_kad_post_title":"","_kad_post_layout":"","_kad_post_sidebar_id":"","_kad_post_content_style":"","_kad_post_vertical_padding":"","_kad_post_feature":"","_kad_post_feature_position":"","_kad_post_header":false,"_kad_post_footer":false,"footnotes":""},"class_list":["post-584","page","type-page","status-publish","has-post-thumbnail","hentry"],"_links":{"self":[{"href":"https:\/\/crma.paradise-cosmetics.de\/index.php\/wp-json\/wp\/v2\/pages\/584","targetHints":{"allow":["GET"]}}],"collection":[{"href":"https:\/\/crma.paradise-cosmetics.de\/index.php\/wp-json\/wp\/v2\/pages"}],"about":[{"href":"https:\/\/crma.paradise-cosmetics.de\/index.php\/wp-json\/wp\/v2\/types\/page"}],"author":[{"embeddable":true,"href":"https:\/\/crma.paradise-cosmetics.de\/index.php\/wp-json\/wp\/v2\/users\/1"}],"replies":[{"embeddable":true,"href":"https:\/\/crma.paradise-cosmetics.de\/index.php\/wp-json\/wp\/v2\/comments?post=584"}],"version-history":[{"count":7,"href":"https:\/\/crma.paradise-cosmetics.de\/index.php\/wp-json\/wp\/v2\/pages\/584\/revisions"}],"predecessor-version":[{"id":2105,"href":"https:\/\/crma.paradise-cosmetics.de\/index.php\/wp-json\/wp\/v2\/pages\/584\/revisions\/2105"}],"wp:featuredmedia":[{"embeddable":true,"href":"https:\/\/crma.paradise-cosmetics.de\/index.php\/wp-json\/wp\/v2\/media\/558"}],"wp:attachment":[{"href":"https:\/\/crma.paradise-cosmetics.de\/index.php\/wp-json\/wp\/v2\/media?parent=584"}],"curies":[{"name":"wp","href":"https:\/\/api.w.org\/{rel}","templated":true}]}}