{"id":637,"date":"2025-02-12T18:14:52","date_gmt":"2025-02-12T18:14:52","guid":{"rendered":"https:\/\/paradise-cosmetics.de\/?page_id=637"},"modified":"2025-05-30T13:34:58","modified_gmt":"2025-05-30T13:34:58","slug":"dipotens","status":"publish","type":"page","link":"https:\/\/crma.paradise-cosmetics.de\/index.php\/dipotens\/","title":{"rendered":"Dipotens"},"content":{"rendered":"\t\t<div data-elementor-type=\"wp-page\" data-elementor-id=\"637\" class=\"elementor elementor-637\" data-elementor-post-type=\"page\">\n\t\t\t\t<div class=\"elementor-element elementor-element-2577c3c e-flex e-con-boxed e-con e-parent\" data-id=\"2577c3c\" data-element_type=\"container\" data-e-type=\"container\">\n\t\t\t\t\t<div class=\"e-con-inner\">\n\t\t\t\t<div class=\"elementor-element elementor-element-99785a5 elementor-widget elementor-widget-spacer\" data-id=\"99785a5\" data-element_type=\"widget\" data-e-type=\"widget\" data-widget_type=\"spacer.default\">\n\t\t\t\t<div class=\"elementor-widget-container\">\n\t\t\t\t\t\t\t<div class=\"elementor-spacer\">\n\t\t\t<div class=\"elementor-spacer-inner\"><\/div>\n\t\t<\/div>\n\t\t\t\t\t\t<\/div>\n\t\t\t\t<\/div>\n\t\t\t\t\t<\/div>\n\t\t\t\t<\/div>\n\t\t<div class=\"elementor-element elementor-element-fd6b7a6 e-flex e-con-boxed e-con e-parent\" data-id=\"fd6b7a6\" data-element_type=\"container\" data-e-type=\"container\">\n\t\t\t\t\t<div class=\"e-con-inner\">\n\t\t<div class=\"elementor-element elementor-element-f666e37 e-con-full e-flex e-con e-child\" data-id=\"f666e37\" data-element_type=\"container\" data-e-type=\"container\">\n\t\t\t\t<div class=\"elementor-element elementor-element-fe3d26c animated-slow elementor-invisible elementor-widget elementor-widget-image\" data-id=\"fe3d26c\" data-element_type=\"widget\" data-e-type=\"widget\" data-settings=\"{&quot;_animation&quot;:&quot;fadeInRight&quot;,&quot;_animation_delay&quot;:300}\" data-widget_type=\"image.default\">\n\t\t\t\t<div class=\"elementor-widget-container\">\n\t\t\t\t\t\t\t\t\t\t\t\t\t\t\t\t<a href=\"https:\/\/crma.paradise-cosmetics.de\/wp-content\/uploads\/2025\/03\/https___firebasestorage.googleapis.com_v0_b_beautinda-prod.appspot.com_o_Artist_2FWdMvtTzxNWfhtn3nxudKOOyYgvp1_2FImages_2F2023-09-06_2022_3A13_3A56.jpg\" data-elementor-open-lightbox=\"yes\" data-elementor-lightbox-title=\"https___firebasestorage.googleapis.com_v0_b_beautinda-prod.appspot.com_o_Artist_2FWdMvtTzxNWfhtn3nxudKOOyYgvp1_2FImages_2F2023-09-06_2022_3A13_3A56\" data-e-action-hash=\"#elementor-action%3Aaction%3Dlightbox%26settings%3DeyJpZCI6MTk4MSwidXJsIjoiaHR0cHM6XC9cL2NybWEucGFyYWRpc2UtY29zbWV0aWNzLmRlXC93cC1jb250ZW50XC91cGxvYWRzXC8yMDI1XC8wM1wvaHR0cHNfX19maXJlYmFzZXN0b3JhZ2UuZ29vZ2xlYXBpcy5jb21fdjBfYl9iZWF1dGluZGEtcHJvZC5hcHBzcG90LmNvbV9vX0FydGlzdF8yRldkTXZ0VHp4TldmaHRuM254dWRLT095WWd2cDFfMkZJbWFnZXNfMkYyMDIzLTA5LTA2XzIwMjJfM0ExM18zQTU2LmpwZyJ9\">\n\t\t\t\t\t\t\t<img fetchpriority=\"high\" decoding=\"async\" width=\"240\" height=\"300\" src=\"https:\/\/crma.paradise-cosmetics.de\/wp-content\/uploads\/2025\/03\/https___firebasestorage.googleapis.com_v0_b_beautinda-prod.appspot.com_o_Artist_2FWdMvtTzxNWfhtn3nxudKOOyYgvp1_2FImages_2F2023-09-06_2022_3A13_3A56-240x300.jpg\" class=\"attachment-medium size-medium wp-image-1981\" alt=\"\" srcset=\"https:\/\/crma.paradise-cosmetics.de\/wp-content\/uploads\/2025\/03\/https___firebasestorage.googleapis.com_v0_b_beautinda-prod.appspot.com_o_Artist_2FWdMvtTzxNWfhtn3nxudKOOyYgvp1_2FImages_2F2023-09-06_2022_3A13_3A56-240x300.jpg 240w, https:\/\/crma.paradise-cosmetics.de\/wp-content\/uploads\/2025\/03\/https___firebasestorage.googleapis.com_v0_b_beautinda-prod.appspot.com_o_Artist_2FWdMvtTzxNWfhtn3nxudKOOyYgvp1_2FImages_2F2023-09-06_2022_3A13_3A56-819x1024.jpg 819w, https:\/\/crma.paradise-cosmetics.de\/wp-content\/uploads\/2025\/03\/https___firebasestorage.googleapis.com_v0_b_beautinda-prod.appspot.com_o_Artist_2FWdMvtTzxNWfhtn3nxudKOOyYgvp1_2FImages_2F2023-09-06_2022_3A13_3A56-768x960.jpg 768w, https:\/\/crma.paradise-cosmetics.de\/wp-content\/uploads\/2025\/03\/https___firebasestorage.googleapis.com_v0_b_beautinda-prod.appspot.com_o_Artist_2FWdMvtTzxNWfhtn3nxudKOOyYgvp1_2FImages_2F2023-09-06_2022_3A13_3A56.jpg 1080w\" sizes=\"(max-width: 240px) 100vw, 240px\" \/>\t\t\t\t\t\t\t\t<\/a>\n\t\t\t\t\t\t\t\t\t\t\t\t\t\t\t<\/div>\n\t\t\t\t<\/div>\n\t\t\t\t<div class=\"elementor-element elementor-element-1caf474 animated-slow elementor-invisible elementor-widget elementor-widget-image\" data-id=\"1caf474\" data-element_type=\"widget\" data-e-type=\"widget\" data-settings=\"{&quot;_animation&quot;:&quot;fadeInLeft&quot;,&quot;_animation_delay&quot;:300}\" data-widget_type=\"image.default\">\n\t\t\t\t<div class=\"elementor-widget-container\">\n\t\t\t\t\t\t\t\t\t\t\t\t\t\t\t\t<a href=\"https:\/\/crma.paradise-cosmetics.de\/wp-content\/uploads\/2025\/03\/Screenshot-2025-03-26-155016.png\" data-elementor-open-lightbox=\"yes\" data-elementor-lightbox-title=\"Screenshot 2025-03-26 155016\" data-e-action-hash=\"#elementor-action%3Aaction%3Dlightbox%26settings%3DeyJpZCI6MjY0NiwidXJsIjoiaHR0cHM6XC9cL2NybWEucGFyYWRpc2UtY29zbWV0aWNzLmRlXC93cC1jb250ZW50XC91cGxvYWRzXC8yMDI1XC8wM1wvU2NyZWVuc2hvdC0yMDI1LTAzLTI2LTE1NTAxNi5wbmcifQ%3D%3D\">\n\t\t\t\t\t\t\t<img decoding=\"async\" width=\"410\" height=\"339\" src=\"https:\/\/crma.paradise-cosmetics.de\/wp-content\/uploads\/2025\/03\/Screenshot-2025-03-26-155016.png\" class=\"attachment-large size-large wp-image-2646\" alt=\"\" srcset=\"https:\/\/crma.paradise-cosmetics.de\/wp-content\/uploads\/2025\/03\/Screenshot-2025-03-26-155016.png 410w, https:\/\/crma.paradise-cosmetics.de\/wp-content\/uploads\/2025\/03\/Screenshot-2025-03-26-155016-300x248.png 300w\" sizes=\"(max-width: 410px) 100vw, 410px\" \/>\t\t\t\t\t\t\t\t<\/a>\n\t\t\t\t\t\t\t\t\t\t\t\t\t\t\t<\/div>\n\t\t\t\t<\/div>\n\t\t\t\t<\/div>\n\t\t<div class=\"elementor-element elementor-element-b365f29 e-con-full e-flex e-con e-child\" data-id=\"b365f29\" data-element_type=\"container\" data-e-type=\"container\">\n\t\t\t\t<div class=\"elementor-element elementor-element-b1554b4 animated-slow elementor-invisible elementor-widget elementor-widget-text-editor\" data-id=\"b1554b4\" data-element_type=\"widget\" data-e-type=\"widget\" data-settings=\"{&quot;_animation&quot;:&quot;fadeInRight&quot;,&quot;_animation_delay&quot;:300}\" data-widget_type=\"text-editor.default\">\n\t\t\t\t<div class=\"elementor-widget-container\">\n\t\t\t\t\t\t\t\t\t<h4 data-start=\"96\" data-end=\"169\"><strong data-start=\"96\" data-end=\"169\">Dipotens \u2013 Die Elektrotherapie f\u00fcr eine straffe und konturierte Figur<\/strong><\/h4><p data-start=\"171\" data-end=\"585\">Dipotens ist ein hochmodernes Elektrotherapieger\u00e4t, das speziell entwickelt wurde, um lokale Gewichtsprobleme zu bek\u00e4mpfen und dem K\u00f6rper zu helfen, seine nat\u00fcrliche Form zur\u00fcckzugewinnen. Durch den gezielten Einsatz von mikro- und galvanischen Str\u00f6men sorgt Dipotens f\u00fcr eine \u00e4u\u00dferst effektive Behandlung, die insbesondere bei Cellulite und der Straffung des Bindegewebes sehr erfolgreich ist.<\/p><p data-start=\"587\" data-end=\"1099\">Die innovative Technologie von Dipotens arbeitet intensiv auf der Regeneration und Reparatur des Bindegewebes, indem sie die gef\u00e4rbten Fasern des Gewebes aktiviert. Dies f\u00fchrt zu einer sp\u00fcrbaren Verbesserung der Hautstruktur, einer Reduktion von Cellulite und einer straffen, gleichm\u00e4\u00dfigen Haut an den behandelten K\u00f6rperregionen. Die Anwendung f\u00f6rdert die nat\u00fcrliche Hautstraffung und hilft dabei, Problemzonen zu formen und zu modellieren, ohne dass ein chirurgischer Eingriff notwendig ist.<\/p><h4 data-start=\"1101\" data-end=\"1137\"><strong data-start=\"1101\" data-end=\"1137\">Leistungs\u00fcbersicht von Dipotens:<\/strong><\/h4><ul data-start=\"1138\" data-end=\"1760\"><li data-start=\"1138\" data-end=\"1311\"><p data-start=\"1140\" data-end=\"1311\">Vielseitig anwendbar: Dipotens eignet sich sowohl f\u00fcr Frauen als auch f\u00fcr M\u00e4nner, die gezielt gegen Cellulite und unsch\u00f6ne Hauterscheinungen ank\u00e4mpfen m\u00f6chten.<\/p><\/li><li data-start=\"1315\" data-end=\"1554\"><p data-start=\"1317\" data-end=\"1554\">Zielgerichtete Anwendungsbereiche: Es ist ideal f\u00fcr die Behandlung der Problemzonen wie Bauch, Beine, R\u00fcckenpolster, Doppelkinn und der H\u00fcftbereich, bei denen oft ungeliebte Fettdepots und Cellulite auftreten.<\/p><\/li><li data-start=\"1556\" data-end=\"1760\"><p data-start=\"1558\" data-end=\"1760\">Straffung und Regeneration: Dipotens sorgt f\u00fcr die Straffung des Gewebes, die Regeneration des Bindegewebes und die Reduktion von Cellulite \u2013 f\u00fcr eine sichtbar glattere und festere Haut.<\/p><\/li><\/ul><h4 data-start=\"1762\" data-end=\"1812\"><strong data-start=\"1762\" data-end=\"1812\">Warum Dipotens die perfekte Wahl f\u00fcr dich ist:<\/strong><\/h4><ul data-start=\"1813\" data-end=\"2624\"><li data-start=\"1813\" data-end=\"2014\"><p data-start=\"1815\" data-end=\"2014\">Hocheffiziente Technologie: Die Anwendung von mikro- und galvanischen Str\u00f6men sorgt f\u00fcr eine gezielte Behandlung der Haut, die tief unter die Oberfl\u00e4che wirkt und langfristige Ergebnisse erzielt.<\/p><\/li><li data-start=\"2018\" data-end=\"2243\"><p data-start=\"2020\" data-end=\"2243\">Nicht-invasiv und schmerzfrei: Die Dipotens-Behandlung ist eine nicht-invasive Methode, die v\u00f6llig schmerzfrei ist und keine Ausfallzeiten verursacht. Du kannst direkt nach der Behandlung wieder deinen Alltag aufnehmen.<\/p><\/li><li data-start=\"2245\" data-end=\"2432\"><p data-start=\"2247\" data-end=\"2432\">Individuell anpassbar: Die Anwendung wird speziell auf deine Bed\u00fcrfnisse abgestimmt. So kannst du gezielt deine Problemzonen behandeln und den gew\u00fcnschten Straffungseffekt erzielen.<\/p><\/li><li data-start=\"2434\" data-end=\"2624\"><p data-start=\"2436\" data-end=\"2624\">Sichtbare Ergebnisse: Bereits nach wenigen Sitzungen wirst du eine Verbesserung der Hautstruktur, eine Reduktion von Cellulite und eine sichtbare Straffung des Gewebes feststellen.<\/p><\/li><\/ul><h4 data-start=\"2626\" data-end=\"2946\"><strong data-start=\"2626\" data-end=\"2667\">Bereit, deine Haut zu revitalisieren?<\/strong><\/h4><p data-start=\"2626\" data-end=\"2946\">Wenn du nach einer effektiven Methode suchst, um Cellulite zu reduzieren und die Haut zu straffen, dann ist Dipotens die ideale L\u00f6sung f\u00fcr dich. G\u00f6nn dir eine Behandlung, die deine Haut auf nat\u00fcrliche Weise regeneriert und zu einer straffen, glatten Oberfl\u00e4che f\u00fchrt.<\/p><p data-start=\"2626\" data-end=\"2946\">Vereinbare noch heute einen Termin und entdecke, wie Dipotens deine Problemzonen zum Positiven ver\u00e4ndern kann. Wir freuen uns darauf, dir zu einer strafferen und gleichm\u00e4\u00dfigeren Haut zu verhelfen!<\/p>\t\t\t\t\t\t\t\t<\/div>\n\t\t\t\t<\/div>\n\t\t\t\t<\/div>\n\t\t\t\t\t<\/div>\n\t\t\t\t<\/div>\n\t\t<div class=\"elementor-element elementor-element-d45a97d e-flex e-con-boxed e-con e-parent\" data-id=\"d45a97d\" data-element_type=\"container\" data-e-type=\"container\">\n\t\t\t\t\t<div class=\"e-con-inner\">\n\t\t\t\t<div class=\"elementor-element elementor-element-901b161 elementor-widget elementor-widget-spacer\" data-id=\"901b161\" data-element_type=\"widget\" data-e-type=\"widget\" data-widget_type=\"spacer.default\">\n\t\t\t\t<div class=\"elementor-widget-container\">\n\t\t\t\t\t\t\t<div class=\"elementor-spacer\">\n\t\t\t<div class=\"elementor-spacer-inner\"><\/div>\n\t\t<\/div>\n\t\t\t\t\t\t<\/div>\n\t\t\t\t<\/div>\n\t\t\t\t\t<\/div>\n\t\t\t\t<\/div>\n\t\t<div class=\"elementor-element elementor-element-8c36a6d e-flex e-con-boxed e-con e-parent\" data-id=\"8c36a6d\" data-element_type=\"container\" data-e-type=\"container\">\n\t\t\t\t\t<div class=\"e-con-inner\">\n\t\t<div class=\"elementor-element elementor-element-33cf524 e-con-full e-flex e-con e-child\" data-id=\"33cf524\" data-element_type=\"container\" data-e-type=\"container\">\n\t\t\t\t<div class=\"elementor-element elementor-element-51afe02 animated-slow elementor-invisible elementor-widget elementor-widget-image\" data-id=\"51afe02\" data-element_type=\"widget\" data-e-type=\"widget\" data-settings=\"{&quot;_animation&quot;:&quot;fadeInLeft&quot;,&quot;_animation_delay&quot;:300}\" data-widget_type=\"image.default\">\n\t\t\t\t<div class=\"elementor-widget-container\">\n\t\t\t\t\t\t\t\t\t\t\t\t\t\t\t\t<a href=\"https:\/\/crma.paradise-cosmetics.de\/wp-content\/uploads\/2025\/03\/https___firebasestorage.googleapis.com_v0_b_beautinda-prod.appspot.com_o_Artist_2FWdMvtTzxNWfhtn3nxudKOOyYgvp1_2FImages_2F2023-09-06_2022_3A13_3A59.jpg\" data-elementor-open-lightbox=\"yes\" data-elementor-lightbox-title=\"https___firebasestorage.googleapis.com_v0_b_beautinda-prod.appspot.com_o_Artist_2FWdMvtTzxNWfhtn3nxudKOOyYgvp1_2FImages_2F2023-09-06_2022_3A13_3A59\" data-e-action-hash=\"#elementor-action%3Aaction%3Dlightbox%26settings%3DeyJpZCI6MTk4MywidXJsIjoiaHR0cHM6XC9cL2NybWEucGFyYWRpc2UtY29zbWV0aWNzLmRlXC93cC1jb250ZW50XC91cGxvYWRzXC8yMDI1XC8wM1wvaHR0cHNfX19maXJlYmFzZXN0b3JhZ2UuZ29vZ2xlYXBpcy5jb21fdjBfYl9iZWF1dGluZGEtcHJvZC5hcHBzcG90LmNvbV9vX0FydGlzdF8yRldkTXZ0VHp4TldmaHRuM254dWRLT095WWd2cDFfMkZJbWFnZXNfMkYyMDIzLTA5LTA2XzIwMjJfM0ExM18zQTU5LmpwZyJ9\">\n\t\t\t\t\t\t\t<img decoding=\"async\" width=\"240\" height=\"300\" src=\"https:\/\/crma.paradise-cosmetics.de\/wp-content\/uploads\/2025\/03\/https___firebasestorage.googleapis.com_v0_b_beautinda-prod.appspot.com_o_Artist_2FWdMvtTzxNWfhtn3nxudKOOyYgvp1_2FImages_2F2023-09-06_2022_3A13_3A59-240x300.jpg\" class=\"attachment-medium size-medium wp-image-1983\" alt=\"\" srcset=\"https:\/\/crma.paradise-cosmetics.de\/wp-content\/uploads\/2025\/03\/https___firebasestorage.googleapis.com_v0_b_beautinda-prod.appspot.com_o_Artist_2FWdMvtTzxNWfhtn3nxudKOOyYgvp1_2FImages_2F2023-09-06_2022_3A13_3A59-240x300.jpg 240w, https:\/\/crma.paradise-cosmetics.de\/wp-content\/uploads\/2025\/03\/https___firebasestorage.googleapis.com_v0_b_beautinda-prod.appspot.com_o_Artist_2FWdMvtTzxNWfhtn3nxudKOOyYgvp1_2FImages_2F2023-09-06_2022_3A13_3A59-768x960.jpg 768w, https:\/\/crma.paradise-cosmetics.de\/wp-content\/uploads\/2025\/03\/https___firebasestorage.googleapis.com_v0_b_beautinda-prod.appspot.com_o_Artist_2FWdMvtTzxNWfhtn3nxudKOOyYgvp1_2FImages_2F2023-09-06_2022_3A13_3A59.jpg 811w\" sizes=\"(max-width: 240px) 100vw, 240px\" \/>\t\t\t\t\t\t\t\t<\/a>\n\t\t\t\t\t\t\t\t\t\t\t\t\t\t\t<\/div>\n\t\t\t\t<\/div>\n\t\t\t\t<\/div>\n\t\t<div class=\"elementor-element elementor-element-0440243 e-con-full e-flex e-con e-child\" data-id=\"0440243\" data-element_type=\"container\" data-e-type=\"container\">\n\t\t\t\t<\/div>\n\t\t<div class=\"elementor-element elementor-element-a8910d2 e-con-full e-flex e-con e-child\" data-id=\"a8910d2\" data-element_type=\"container\" data-e-type=\"container\">\n\t\t\t\t<div class=\"elementor-element elementor-element-dc6575a animated-slow elementor-invisible elementor-widget elementor-widget-image\" data-id=\"dc6575a\" data-element_type=\"widget\" data-e-type=\"widget\" data-settings=\"{&quot;_animation&quot;:&quot;fadeInRight&quot;,&quot;_animation_delay&quot;:300}\" data-widget_type=\"image.default\">\n\t\t\t\t<div class=\"elementor-widget-container\">\n\t\t\t\t\t\t\t\t\t\t\t\t\t\t\t\t<a href=\"https:\/\/crma.paradise-cosmetics.de\/wp-content\/uploads\/2025\/03\/https___firebasestorage.googleapis.com_v0_b_beautinda-prod.appspot.com_o_Artist_2FWdMvtTzxNWfhtn3nxudKOOyYgvp1_2FImages_2F2023-09-06_2022_3A13_3A57.jpg\" data-elementor-open-lightbox=\"yes\" data-elementor-lightbox-title=\"https___firebasestorage.googleapis.com_v0_b_beautinda-prod.appspot.com_o_Artist_2FWdMvtTzxNWfhtn3nxudKOOyYgvp1_2FImages_2F2023-09-06_2022_3A13_3A57\" data-e-action-hash=\"#elementor-action%3Aaction%3Dlightbox%26settings%3DeyJpZCI6MTk4MiwidXJsIjoiaHR0cHM6XC9cL2NybWEucGFyYWRpc2UtY29zbWV0aWNzLmRlXC93cC1jb250ZW50XC91cGxvYWRzXC8yMDI1XC8wM1wvaHR0cHNfX19maXJlYmFzZXN0b3JhZ2UuZ29vZ2xlYXBpcy5jb21fdjBfYl9iZWF1dGluZGEtcHJvZC5hcHBzcG90LmNvbV9vX0FydGlzdF8yRldkTXZ0VHp4TldmaHRuM254dWRLT095WWd2cDFfMkZJbWFnZXNfMkYyMDIzLTA5LTA2XzIwMjJfM0ExM18zQTU3LmpwZyJ9\">\n\t\t\t\t\t\t\t<img loading=\"lazy\" decoding=\"async\" width=\"240\" height=\"300\" src=\"https:\/\/crma.paradise-cosmetics.de\/wp-content\/uploads\/2025\/03\/https___firebasestorage.googleapis.com_v0_b_beautinda-prod.appspot.com_o_Artist_2FWdMvtTzxNWfhtn3nxudKOOyYgvp1_2FImages_2F2023-09-06_2022_3A13_3A57-240x300.jpg\" class=\"attachment-medium size-medium wp-image-1982\" alt=\"\" srcset=\"https:\/\/crma.paradise-cosmetics.de\/wp-content\/uploads\/2025\/03\/https___firebasestorage.googleapis.com_v0_b_beautinda-prod.appspot.com_o_Artist_2FWdMvtTzxNWfhtn3nxudKOOyYgvp1_2FImages_2F2023-09-06_2022_3A13_3A57-240x300.jpg 240w, https:\/\/crma.paradise-cosmetics.de\/wp-content\/uploads\/2025\/03\/https___firebasestorage.googleapis.com_v0_b_beautinda-prod.appspot.com_o_Artist_2FWdMvtTzxNWfhtn3nxudKOOyYgvp1_2FImages_2F2023-09-06_2022_3A13_3A57-820x1024.jpg 820w, https:\/\/crma.paradise-cosmetics.de\/wp-content\/uploads\/2025\/03\/https___firebasestorage.googleapis.com_v0_b_beautinda-prod.appspot.com_o_Artist_2FWdMvtTzxNWfhtn3nxudKOOyYgvp1_2FImages_2F2023-09-06_2022_3A13_3A57-768x960.jpg 768w, https:\/\/crma.paradise-cosmetics.de\/wp-content\/uploads\/2025\/03\/https___firebasestorage.googleapis.com_v0_b_beautinda-prod.appspot.com_o_Artist_2FWdMvtTzxNWfhtn3nxudKOOyYgvp1_2FImages_2F2023-09-06_2022_3A13_3A57.jpg 846w\" sizes=\"(max-width: 240px) 100vw, 240px\" \/>\t\t\t\t\t\t\t\t<\/a>\n\t\t\t\t\t\t\t\t\t\t\t\t\t\t\t<\/div>\n\t\t\t\t<\/div>\n\t\t\t\t<\/div>\n\t\t\t\t\t<\/div>\n\t\t\t\t<\/div>\n\t\t\t\t<\/div>\n\t\t","protected":false},"excerpt":{"rendered":"<p>Dipotens \u2013 Die Elektrotherapie f\u00fcr eine straffe und konturierte Figur Dipotens ist ein hochmodernes Elektrotherapieger\u00e4t, das speziell entwickelt wurde, um lokale Gewichtsprobleme zu bek\u00e4mpfen und dem K\u00f6rper zu helfen, seine nat\u00fcrliche Form zur\u00fcckzugewinnen. Durch den gezielten Einsatz von mikro- und galvanischen Str\u00f6men sorgt Dipotens f\u00fcr eine \u00e4u\u00dferst effektive Behandlung, die insbesondere bei Cellulite und der&#8230;<\/p>\n","protected":false},"author":1,"featured_media":558,"parent":0,"menu_order":0,"comment_status":"closed","ping_status":"closed","template":"","meta":{"_kad_post_transparent":"","_kad_post_title":"","_kad_post_layout":"","_kad_post_sidebar_id":"","_kad_post_content_style":"","_kad_post_vertical_padding":"","_kad_post_feature":"","_kad_post_feature_position":"","_kad_post_header":false,"_kad_post_footer":false,"footnotes":""},"class_list":["post-637","page","type-page","status-publish","has-post-thumbnail","hentry"],"_links":{"self":[{"href":"https:\/\/crma.paradise-cosmetics.de\/index.php\/wp-json\/wp\/v2\/pages\/637","targetHints":{"allow":["GET"]}}],"collection":[{"href":"https:\/\/crma.paradise-cosmetics.de\/index.php\/wp-json\/wp\/v2\/pages"}],"about":[{"href":"https:\/\/crma.paradise-cosmetics.de\/index.php\/wp-json\/wp\/v2\/types\/page"}],"author":[{"embeddable":true,"href":"https:\/\/crma.paradise-cosmetics.de\/index.php\/wp-json\/wp\/v2\/users\/1"}],"replies":[{"embeddable":true,"href":"https:\/\/crma.paradise-cosmetics.de\/index.php\/wp-json\/wp\/v2\/comments?post=637"}],"version-history":[{"count":58,"href":"https:\/\/crma.paradise-cosmetics.de\/index.php\/wp-json\/wp\/v2\/pages\/637\/revisions"}],"predecessor-version":[{"id":3217,"href":"https:\/\/crma.paradise-cosmetics.de\/index.php\/wp-json\/wp\/v2\/pages\/637\/revisions\/3217"}],"wp:featuredmedia":[{"embeddable":true,"href":"https:\/\/crma.paradise-cosmetics.de\/index.php\/wp-json\/wp\/v2\/media\/558"}],"wp:attachment":[{"href":"https:\/\/crma.paradise-cosmetics.de\/index.php\/wp-json\/wp\/v2\/media?parent=637"}],"curies":[{"name":"wp","href":"https:\/\/api.w.org\/{rel}","templated":true}]}}