{"id":642,"date":"2025-02-12T18:20:00","date_gmt":"2025-02-12T18:20:00","guid":{"rendered":"https:\/\/paradise-cosmetics.de\/?page_id=642"},"modified":"2025-03-26T14:53:42","modified_gmt":"2025-03-26T14:53:42","slug":"dehnungsstreifen","status":"publish","type":"page","link":"https:\/\/crma.paradise-cosmetics.de\/index.php\/dehnungsstreifen\/","title":{"rendered":"Dehnungsstreifen"},"content":{"rendered":"\t\t<div data-elementor-type=\"wp-page\" data-elementor-id=\"642\" class=\"elementor elementor-642\" data-elementor-post-type=\"page\">\n\t\t\t\t<div class=\"elementor-element elementor-element-2577c3c e-flex e-con-boxed e-con e-parent\" data-id=\"2577c3c\" data-element_type=\"container\" data-e-type=\"container\">\n\t\t\t\t\t<div class=\"e-con-inner\">\n\t\t\t\t<div class=\"elementor-element elementor-element-99785a5 elementor-widget elementor-widget-spacer\" data-id=\"99785a5\" data-element_type=\"widget\" data-e-type=\"widget\" data-widget_type=\"spacer.default\">\n\t\t\t\t<div class=\"elementor-widget-container\">\n\t\t\t\t\t\t\t<div class=\"elementor-spacer\">\n\t\t\t<div class=\"elementor-spacer-inner\"><\/div>\n\t\t<\/div>\n\t\t\t\t\t\t<\/div>\n\t\t\t\t<\/div>\n\t\t\t\t\t<\/div>\n\t\t\t\t<\/div>\n\t\t<div class=\"elementor-element elementor-element-fd6b7a6 e-flex e-con-boxed e-con e-parent\" data-id=\"fd6b7a6\" data-element_type=\"container\" data-e-type=\"container\">\n\t\t\t\t\t<div class=\"e-con-inner\">\n\t\t<div class=\"elementor-element elementor-element-f666e37 e-con-full e-flex e-con e-child\" data-id=\"f666e37\" data-element_type=\"container\" data-e-type=\"container\">\n\t\t\t\t<div class=\"elementor-element elementor-element-b1554b4 animated-slow elementor-invisible elementor-widget elementor-widget-text-editor\" data-id=\"b1554b4\" data-element_type=\"widget\" data-e-type=\"widget\" data-settings=\"{&quot;_animation&quot;:&quot;fadeInRight&quot;,&quot;_animation_delay&quot;:300}\" data-widget_type=\"text-editor.default\">\n\t\t\t\t<div class=\"elementor-widget-container\">\n\t\t\t\t\t\t\t\t\t<h4 data-start=\"112\" data-end=\"191\"><strong data-start=\"112\" data-end=\"191\">Dehnungsstreifen Entfernung mit Dipomed \u2013 F\u00fcr eine glattere, straffere Haut<\/strong><\/h4><p data-start=\"193\" data-end=\"591\">Dehnungsstreifen geh\u00f6ren f\u00fcr viele Menschen zu den unerw\u00fcnschten Begleitern, die mit verschiedenen Lebensver\u00e4nderungen oder k\u00f6rperlichen Umstellungen wie Schwangerschaft, Gewichtszunahme oder intensivem Muskelaufbau einhergehen k\u00f6nnen. Doch mit der Dipomed-Methode bieten wir dir eine hochmoderne und effektive L\u00f6sung zur Entfernung von Dehnungsstreifen und Verbesserung des Hautbildes.<\/p><p data-start=\"593\" data-end=\"1051\">Dipomed nutzt eine spezielle Vakuum-Behandlung, um die Haut intensiv zu stimulieren und die nat\u00fcrlichen Regenerationsprozesse zu aktivieren. W\u00e4hrend dieser Behandlung wird die Haut gezielt angeregt, sodass sich Kollagen- und Elastinfasern reorganisieren und die Haut sich verdichtet. Das f\u00fchrt zu einem gleichm\u00e4\u00dfigeren Hautbild, das sich \u00fcber die Zeit verbessert und die Dehnungsstreifen deutlich mildert oder sogar fast unsichtbar macht.<\/p><p data-start=\"1053\" data-end=\"1349\">Durch das Vakuumverfahren wird der Blutstrom in der behandelten Region angeregt, wodurch die Haut schneller regeneriert und das Gewebe wieder gestrafft wird. Direkt nach der Behandlung kann es zu einer leichten R\u00f6tung und Schwellung kommen, die jedoch nach wenigen Tagen abklingt.<\/p><h4 data-start=\"1351\" data-end=\"1397\"><strong>Leistungs\u00fcbersicht der Dipomed-Behandlung:<\/strong><\/h4><ul data-start=\"1398\" data-end=\"2226\"><li data-start=\"1398\" data-end=\"1577\"><p data-start=\"1400\" data-end=\"1577\">Seltene Behandlungsintervalle: Um beste Ergebnisse zu erzielen, empfehlen wir diese Behandlung nur 4 Mal im Jahr, um der Haut ausreichend Zeit zur Regeneration zu geben.<\/p><\/li><li data-start=\"1581\" data-end=\"1781\"><p data-start=\"1583\" data-end=\"1781\">Stillzeit und Behandlung: F\u00fcr stillende M\u00fctter ist eine Behandlung erst nach einer 3-monatigen Stillzeit m\u00f6glich, um sicherzustellen, dass keine negativen Auswirkungen auf das Kind bestehen.<\/p><\/li><li data-start=\"1783\" data-end=\"1970\"><p data-start=\"1785\" data-end=\"1970\">Ausschlusskriterien: Bei Hautkrebs oder \u00e4hnlichen Hauterkrankungen ist eine Behandlung ausgeschlossen. Unsere oberste Priorit\u00e4t ist die Sicherheit und Gesundheit unserer Kunden.<\/p><\/li><li data-start=\"1972\" data-end=\"2226\"><p data-start=\"1974\" data-end=\"2226\">Geeignet f\u00fcr M\u00e4nner und Frauen: Diese Methode ist f\u00fcr beide Geschlechter geeignet, da Dehnungsstreifen sowohl bei Frauen als auch bei M\u00e4nnern auftreten k\u00f6nnen, z. B. nach der Schwangerschaft, beim Ab- oder Zunehmen oder bei intensivem Training.<\/p><\/li><\/ul><h4 data-start=\"2228\" data-end=\"2275\"><strong>Warum Dipomed die ideale Wahl f\u00fcr dich ist:<\/strong><\/h4><ul data-start=\"2276\" data-end=\"2850\"><li data-start=\"2276\" data-end=\"2473\"><p data-start=\"2278\" data-end=\"2473\">Effektive Dehnungsstreifenbehandlung: Durch die Vakuum-Behandlung wird der Regenerationsprozess deiner Haut intensiv angeregt, was zu einer sp\u00fcrbaren Milderung von Dehnungsstreifen f\u00fchrt.<\/p><\/li><li data-start=\"2477\" data-end=\"2663\"><p data-start=\"2479\" data-end=\"2663\">Nicht-invasive Methode: Es handelt sich um eine schonende, nicht-invasive Methode, die ohne chirurgische Eingriffe auskommt. Du kannst schnell wieder in deinen Alltag zur\u00fcckkehren.<\/p><\/li><li data-start=\"2665\" data-end=\"2850\"><p data-start=\"2667\" data-end=\"2850\">Langfristige Verbesserung: Die Behandlung f\u00fchrt zu einer langfristigen Hautverbesserung, indem die Hautstruktur gest\u00e4rkt wird und die Dehnungsstreifen mit der Zeit verblassen.<\/p><\/li><\/ul><h4 data-start=\"2852\" data-end=\"2884\"><strong>Wie l\u00e4uft die Behandlung ab?<\/strong><\/h4><ul data-start=\"2885\" data-end=\"3176\"><li data-start=\"2885\" data-end=\"3029\">Die Dipomed-Behandlung wird in mehreren Sitzungen durchgef\u00fchrt, wobei das Vakuum gezielt auf die betroffenen Hautbereiche angewendet wird.<\/li><li data-start=\"3030\" data-end=\"3176\">Nach der Behandlung kann es zu einer leichten R\u00f6tung und Schwellung kommen, die jedoch in der Regel nach einigen Tagen wieder abklingen.<\/li><\/ul><p data-start=\"3178\" data-end=\"3478\">Bereit, deine Haut zu revitalisieren?<br data-start=\"3219\" data-end=\"3222\" \/>Mit der Dipomed-Dehnungsstreifenbehandlung kannst du dein Hautbild gezielt verbessern und dich von st\u00f6renden Dehnungsstreifen verabschieden. Wenn du dir ein gleichm\u00e4\u00dfigeres, strafferes Hautbild w\u00fcnschst, dann vereinbare noch heute einen Termin bei uns.<\/p><p data-start=\"3480\" data-end=\"3564\">Wir freuen uns darauf, dich auf deinem Weg zu einer sch\u00f6neren Haut zu begleiten!<\/p>\t\t\t\t\t\t\t\t<\/div>\n\t\t\t\t<\/div>\n\t\t\t\t<\/div>\n\t\t<div class=\"elementor-element elementor-element-b365f29 e-con-full e-flex e-con e-child\" data-id=\"b365f29\" data-element_type=\"container\" data-e-type=\"container\">\n\t\t\t\t<div class=\"elementor-element elementor-element-f86ebcc animated-slow elementor-invisible elementor-widget elementor-widget-image\" data-id=\"f86ebcc\" data-element_type=\"widget\" data-e-type=\"widget\" data-settings=\"{&quot;_animation&quot;:&quot;fadeInLeft&quot;,&quot;_animation_delay&quot;:300}\" data-widget_type=\"image.default\">\n\t\t\t\t<div class=\"elementor-widget-container\">\n\t\t\t\t\t\t\t\t\t\t\t\t\t\t\t<img fetchpriority=\"high\" decoding=\"async\" width=\"566\" height=\"300\" src=\"https:\/\/crma.paradise-cosmetics.de\/wp-content\/uploads\/2025\/03\/ccatlakJPG-removebg-preview.png\" class=\"attachment-large size-large wp-image-2200\" alt=\"\" srcset=\"https:\/\/crma.paradise-cosmetics.de\/wp-content\/uploads\/2025\/03\/ccatlakJPG-removebg-preview.png 566w, https:\/\/crma.paradise-cosmetics.de\/wp-content\/uploads\/2025\/03\/ccatlakJPG-removebg-preview-300x159.png 300w\" sizes=\"(max-width: 566px) 100vw, 566px\" \/>\t\t\t\t\t\t\t\t\t\t\t\t\t\t\t<\/div>\n\t\t\t\t<\/div>\n\t\t\t\t<div class=\"elementor-element elementor-element-4ee0d2b animated-slow elementor-invisible elementor-widget elementor-widget-image\" data-id=\"4ee0d2b\" data-element_type=\"widget\" data-e-type=\"widget\" data-settings=\"{&quot;_animation&quot;:&quot;fadeInRight&quot;,&quot;_animation_delay&quot;:300}\" data-widget_type=\"image.default\">\n\t\t\t\t<div class=\"elementor-widget-container\">\n\t\t\t\t\t\t\t\t\t\t\t\t\t\t\t\t<a href=\"https:\/\/crma.paradise-cosmetics.de\/wp-content\/uploads\/2025\/03\/Screenshot-2025-03-26-155213.png\" data-elementor-open-lightbox=\"yes\" data-elementor-lightbox-title=\"Screenshot 2025-03-26 155213\" data-e-action-hash=\"#elementor-action%3Aaction%3Dlightbox%26settings%3DeyJpZCI6MjY1MCwidXJsIjoiaHR0cHM6XC9cL2NybWEucGFyYWRpc2UtY29zbWV0aWNzLmRlXC93cC1jb250ZW50XC91cGxvYWRzXC8yMDI1XC8wM1wvU2NyZWVuc2hvdC0yMDI1LTAzLTI2LTE1NTIxMy5wbmcifQ%3D%3D\">\n\t\t\t\t\t\t\t<img decoding=\"async\" width=\"390\" height=\"394\" src=\"https:\/\/crma.paradise-cosmetics.de\/wp-content\/uploads\/2025\/03\/Screenshot-2025-03-26-155213.png\" class=\"attachment-large size-large wp-image-2650\" alt=\"\" srcset=\"https:\/\/crma.paradise-cosmetics.de\/wp-content\/uploads\/2025\/03\/Screenshot-2025-03-26-155213.png 390w, https:\/\/crma.paradise-cosmetics.de\/wp-content\/uploads\/2025\/03\/Screenshot-2025-03-26-155213-297x300.png 297w\" sizes=\"(max-width: 390px) 100vw, 390px\" \/>\t\t\t\t\t\t\t\t<\/a>\n\t\t\t\t\t\t\t\t\t\t\t\t\t\t\t<\/div>\n\t\t\t\t<\/div>\n\t\t\t\t<\/div>\n\t\t\t\t\t<\/div>\n\t\t\t\t<\/div>\n\t\t<div class=\"elementor-element elementor-element-5d561b6 e-flex e-con-boxed e-con e-parent\" data-id=\"5d561b6\" data-element_type=\"container\" data-e-type=\"container\">\n\t\t\t\t\t<div class=\"e-con-inner\">\n\t\t\t\t<div class=\"elementor-element elementor-element-a407ccf elementor-widget elementor-widget-spacer\" data-id=\"a407ccf\" data-element_type=\"widget\" data-e-type=\"widget\" data-widget_type=\"spacer.default\">\n\t\t\t\t<div class=\"elementor-widget-container\">\n\t\t\t\t\t\t\t<div class=\"elementor-spacer\">\n\t\t\t<div class=\"elementor-spacer-inner\"><\/div>\n\t\t<\/div>\n\t\t\t\t\t\t<\/div>\n\t\t\t\t<\/div>\n\t\t\t\t\t<\/div>\n\t\t\t\t<\/div>\n\t\t<div class=\"elementor-element elementor-element-51c6f03 e-flex e-con-boxed e-con e-parent\" data-id=\"51c6f03\" data-element_type=\"container\" data-e-type=\"container\">\n\t\t\t\t\t<div class=\"e-con-inner\">\n\t\t<div class=\"elementor-element elementor-element-8a8757a e-con-full e-flex e-con e-child\" data-id=\"8a8757a\" data-element_type=\"container\" data-e-type=\"container\">\n\t\t\t\t<div class=\"elementor-element elementor-element-3ab5f07 animated-slow elementor-invisible elementor-widget elementor-widget-image\" data-id=\"3ab5f07\" data-element_type=\"widget\" data-e-type=\"widget\" data-settings=\"{&quot;_animation&quot;:&quot;fadeInLeft&quot;,&quot;_animation_delay&quot;:300}\" data-widget_type=\"image.default\">\n\t\t\t\t<div class=\"elementor-widget-container\">\n\t\t\t\t\t\t\t\t\t\t\t\t\t\t\t\t<a href=\"https:\/\/crma.paradise-cosmetics.de\/wp-content\/uploads\/2025\/03\/WhatsApp-Bild-2025-03-25-um-14.09.11_518b68fe.jpg\" data-elementor-open-lightbox=\"yes\" data-elementor-lightbox-title=\"WhatsApp Bild 2025-03-25 um 14.09.11_518b68fe\" data-e-action-hash=\"#elementor-action%3Aaction%3Dlightbox%26settings%3DeyJpZCI6MjM5MywidXJsIjoiaHR0cHM6XC9cL2NybWEucGFyYWRpc2UtY29zbWV0aWNzLmRlXC93cC1jb250ZW50XC91cGxvYWRzXC8yMDI1XC8wM1wvV2hhdHNBcHAtQmlsZC0yMDI1LTAzLTI1LXVtLTE0LjA5LjExXzUxOGI2OGZlLmpwZyJ9\">\n\t\t\t\t\t\t\t<img decoding=\"async\" width=\"768\" height=\"894\" src=\"https:\/\/crma.paradise-cosmetics.de\/wp-content\/uploads\/2025\/03\/WhatsApp-Bild-2025-03-25-um-14.09.11_518b68fe-768x894.jpg\" class=\"attachment-medium_large size-medium_large wp-image-2393\" alt=\"\" srcset=\"https:\/\/crma.paradise-cosmetics.de\/wp-content\/uploads\/2025\/03\/WhatsApp-Bild-2025-03-25-um-14.09.11_518b68fe-768x894.jpg 768w, https:\/\/crma.paradise-cosmetics.de\/wp-content\/uploads\/2025\/03\/WhatsApp-Bild-2025-03-25-um-14.09.11_518b68fe-258x300.jpg 258w, https:\/\/crma.paradise-cosmetics.de\/wp-content\/uploads\/2025\/03\/WhatsApp-Bild-2025-03-25-um-14.09.11_518b68fe-880x1024.jpg 880w, https:\/\/crma.paradise-cosmetics.de\/wp-content\/uploads\/2025\/03\/WhatsApp-Bild-2025-03-25-um-14.09.11_518b68fe-1320x1536.jpg 1320w, https:\/\/crma.paradise-cosmetics.de\/wp-content\/uploads\/2025\/03\/WhatsApp-Bild-2025-03-25-um-14.09.11_518b68fe.jpg 1760w\" sizes=\"(max-width: 768px) 100vw, 768px\" \/>\t\t\t\t\t\t\t\t<\/a>\n\t\t\t\t\t\t\t\t\t\t\t\t\t\t\t<\/div>\n\t\t\t\t<\/div>\n\t\t\t\t<\/div>\n\t\t<div class=\"elementor-element elementor-element-5a51a62 e-con-full e-flex e-con e-child\" data-id=\"5a51a62\" data-element_type=\"container\" data-e-type=\"container\">\n\t\t\t\t<div class=\"elementor-element elementor-element-364da07 animated-slow elementor-invisible elementor-widget elementor-widget-image\" data-id=\"364da07\" data-element_type=\"widget\" data-e-type=\"widget\" data-settings=\"{&quot;_animation&quot;:&quot;fadeInUp&quot;,&quot;_animation_delay&quot;:300}\" data-widget_type=\"image.default\">\n\t\t\t\t<div class=\"elementor-widget-container\">\n\t\t\t\t\t\t\t\t\t\t\t\t\t\t\t\t<a href=\"https:\/\/crma.paradise-cosmetics.de\/wp-content\/uploads\/2025\/03\/Screenshot-2025-03-25-165643.png\" data-elementor-open-lightbox=\"yes\" data-elementor-lightbox-title=\"Screenshot 2025-03-25 165643\" data-e-action-hash=\"#elementor-action%3Aaction%3Dlightbox%26settings%3DeyJpZCI6MjUwMiwidXJsIjoiaHR0cHM6XC9cL2NybWEucGFyYWRpc2UtY29zbWV0aWNzLmRlXC93cC1jb250ZW50XC91cGxvYWRzXC8yMDI1XC8wM1wvU2NyZWVuc2hvdC0yMDI1LTAzLTI1LTE2NTY0My5wbmcifQ%3D%3D\">\n\t\t\t\t\t\t\t<img loading=\"lazy\" decoding=\"async\" width=\"840\" height=\"758\" src=\"https:\/\/crma.paradise-cosmetics.de\/wp-content\/uploads\/2025\/03\/Screenshot-2025-03-25-165643.png\" class=\"attachment-large size-large wp-image-2502\" alt=\"\" srcset=\"https:\/\/crma.paradise-cosmetics.de\/wp-content\/uploads\/2025\/03\/Screenshot-2025-03-25-165643.png 840w, https:\/\/crma.paradise-cosmetics.de\/wp-content\/uploads\/2025\/03\/Screenshot-2025-03-25-165643-300x271.png 300w, https:\/\/crma.paradise-cosmetics.de\/wp-content\/uploads\/2025\/03\/Screenshot-2025-03-25-165643-768x693.png 768w\" sizes=\"(max-width: 840px) 100vw, 840px\" \/>\t\t\t\t\t\t\t\t<\/a>\n\t\t\t\t\t\t\t\t\t\t\t\t\t\t\t<\/div>\n\t\t\t\t<\/div>\n\t\t\t\t<\/div>\n\t\t<div class=\"elementor-element elementor-element-7c7b656 e-con-full e-flex e-con e-child\" data-id=\"7c7b656\" data-element_type=\"container\" data-e-type=\"container\">\n\t\t\t\t<div class=\"elementor-element elementor-element-d334dc3 animated-slow elementor-invisible elementor-widget elementor-widget-image\" data-id=\"d334dc3\" data-element_type=\"widget\" data-e-type=\"widget\" data-settings=\"{&quot;_animation&quot;:&quot;fadeInRight&quot;,&quot;_animation_delay&quot;:300}\" data-widget_type=\"image.default\">\n\t\t\t\t<div class=\"elementor-widget-container\">\n\t\t\t\t\t\t\t\t\t\t\t\t\t\t\t\t<a href=\"https:\/\/crma.paradise-cosmetics.de\/wp-content\/uploads\/2025\/03\/WhatsApp-Bild-2025-03-25-um-14.09.11_dc103623.jpg\" data-elementor-open-lightbox=\"yes\" data-elementor-lightbox-title=\"WhatsApp Bild 2025-03-25 um 14.09.11_dc103623\" data-e-action-hash=\"#elementor-action%3Aaction%3Dlightbox%26settings%3DeyJpZCI6MjQzOCwidXJsIjoiaHR0cHM6XC9cL2NybWEucGFyYWRpc2UtY29zbWV0aWNzLmRlXC93cC1jb250ZW50XC91cGxvYWRzXC8yMDI1XC8wM1wvV2hhdHNBcHAtQmlsZC0yMDI1LTAzLTI1LXVtLTE0LjA5LjExX2RjMTAzNjIzLmpwZyJ9\">\n\t\t\t\t\t\t\t<img loading=\"lazy\" decoding=\"async\" width=\"1024\" height=\"886\" src=\"https:\/\/crma.paradise-cosmetics.de\/wp-content\/uploads\/2025\/03\/WhatsApp-Bild-2025-03-25-um-14.09.11_dc103623-1024x886.jpg\" class=\"attachment-large size-large wp-image-2438\" alt=\"\" srcset=\"https:\/\/crma.paradise-cosmetics.de\/wp-content\/uploads\/2025\/03\/WhatsApp-Bild-2025-03-25-um-14.09.11_dc103623-1024x886.jpg 1024w, https:\/\/crma.paradise-cosmetics.de\/wp-content\/uploads\/2025\/03\/WhatsApp-Bild-2025-03-25-um-14.09.11_dc103623-300x259.jpg 300w, https:\/\/crma.paradise-cosmetics.de\/wp-content\/uploads\/2025\/03\/WhatsApp-Bild-2025-03-25-um-14.09.11_dc103623-768x664.jpg 768w, https:\/\/crma.paradise-cosmetics.de\/wp-content\/uploads\/2025\/03\/WhatsApp-Bild-2025-03-25-um-14.09.11_dc103623.jpg 1080w\" sizes=\"(max-width: 1024px) 100vw, 1024px\" \/>\t\t\t\t\t\t\t\t<\/a>\n\t\t\t\t\t\t\t\t\t\t\t\t\t\t\t<\/div>\n\t\t\t\t<\/div>\n\t\t\t\t<\/div>\n\t\t\t\t\t<\/div>\n\t\t\t\t<\/div>\n\t\t\t\t<\/div>\n\t\t","protected":false},"excerpt":{"rendered":"<p>Dehnungsstreifen Entfernung mit Dipomed \u2013 F\u00fcr eine glattere, straffere Haut Dehnungsstreifen geh\u00f6ren f\u00fcr viele Menschen zu den unerw\u00fcnschten Begleitern, die mit verschiedenen Lebensver\u00e4nderungen oder k\u00f6rperlichen Umstellungen wie Schwangerschaft, Gewichtszunahme oder intensivem Muskelaufbau einhergehen k\u00f6nnen. Doch mit der Dipomed-Methode bieten wir dir eine hochmoderne und effektive L\u00f6sung zur Entfernung von Dehnungsstreifen und Verbesserung des Hautbildes. Dipomed&#8230;<\/p>\n","protected":false},"author":1,"featured_media":558,"parent":0,"menu_order":0,"comment_status":"closed","ping_status":"closed","template":"","meta":{"_kad_post_transparent":"","_kad_post_title":"","_kad_post_layout":"","_kad_post_sidebar_id":"","_kad_post_content_style":"","_kad_post_vertical_padding":"","_kad_post_feature":"","_kad_post_feature_position":"","_kad_post_header":false,"_kad_post_footer":false,"footnotes":""},"class_list":["post-642","page","type-page","status-publish","has-post-thumbnail","hentry"],"_links":{"self":[{"href":"https:\/\/crma.paradise-cosmetics.de\/index.php\/wp-json\/wp\/v2\/pages\/642","targetHints":{"allow":["GET"]}}],"collection":[{"href":"https:\/\/crma.paradise-cosmetics.de\/index.php\/wp-json\/wp\/v2\/pages"}],"about":[{"href":"https:\/\/crma.paradise-cosmetics.de\/index.php\/wp-json\/wp\/v2\/types\/page"}],"author":[{"embeddable":true,"href":"https:\/\/crma.paradise-cosmetics.de\/index.php\/wp-json\/wp\/v2\/users\/1"}],"replies":[{"embeddable":true,"href":"https:\/\/crma.paradise-cosmetics.de\/index.php\/wp-json\/wp\/v2\/comments?post=642"}],"version-history":[{"count":60,"href":"https:\/\/crma.paradise-cosmetics.de\/index.php\/wp-json\/wp\/v2\/pages\/642\/revisions"}],"predecessor-version":[{"id":3214,"href":"https:\/\/crma.paradise-cosmetics.de\/index.php\/wp-json\/wp\/v2\/pages\/642\/revisions\/3214"}],"wp:featuredmedia":[{"embeddable":true,"href":"https:\/\/crma.paradise-cosmetics.de\/index.php\/wp-json\/wp\/v2\/media\/558"}],"wp:attachment":[{"href":"https:\/\/crma.paradise-cosmetics.de\/index.php\/wp-json\/wp\/v2\/media?parent=642"}],"curies":[{"name":"wp","href":"https:\/\/api.w.org\/{rel}","templated":true}]}}