{"id":650,"date":"2025-02-12T18:21:27","date_gmt":"2025-02-12T18:21:27","guid":{"rendered":"https:\/\/paradise-cosmetics.de\/?page_id=650"},"modified":"2025-05-30T13:43:01","modified_gmt":"2025-05-30T13:43:01","slug":"ems-muskelaufbau","status":"publish","type":"page","link":"https:\/\/crma.paradise-cosmetics.de\/index.php\/ems-muskelaufbau\/","title":{"rendered":"EMS Muskelaufbau"},"content":{"rendered":"\t\t<div data-elementor-type=\"wp-page\" data-elementor-id=\"650\" class=\"elementor elementor-650\" data-elementor-post-type=\"page\">\n\t\t\t\t<div class=\"elementor-element elementor-element-b70693e e-flex e-con-boxed e-con e-parent\" data-id=\"b70693e\" data-element_type=\"container\" data-e-type=\"container\">\n\t\t\t\t\t<div class=\"e-con-inner\">\n\t\t\t\t<div class=\"elementor-element elementor-element-0e18135 elementor-widget elementor-widget-spacer\" data-id=\"0e18135\" data-element_type=\"widget\" data-e-type=\"widget\" data-widget_type=\"spacer.default\">\n\t\t\t\t<div class=\"elementor-widget-container\">\n\t\t\t\t\t\t\t<div class=\"elementor-spacer\">\n\t\t\t<div class=\"elementor-spacer-inner\"><\/div>\n\t\t<\/div>\n\t\t\t\t\t\t<\/div>\n\t\t\t\t<\/div>\n\t\t\t\t\t<\/div>\n\t\t\t\t<\/div>\n\t\t<div class=\"elementor-element elementor-element-8d2cc68 e-flex e-con-boxed e-con e-parent\" data-id=\"8d2cc68\" data-element_type=\"container\" data-e-type=\"container\">\n\t\t\t\t\t<div class=\"e-con-inner\">\n\t\t\t\t<div class=\"elementor-element elementor-element-f4bc86f elementor-widget elementor-widget-video\" data-id=\"f4bc86f\" data-element_type=\"widget\" data-e-type=\"widget\" data-settings=\"{&quot;video_type&quot;:&quot;hosted&quot;,&quot;autoplay&quot;:&quot;yes&quot;,&quot;play_on_mobile&quot;:&quot;yes&quot;,&quot;mute&quot;:&quot;yes&quot;,&quot;loop&quot;:&quot;yes&quot;}\" data-widget_type=\"video.default\">\n\t\t\t\t<div class=\"elementor-widget-container\">\n\t\t\t\t\t\t\t<div class=\"e-hosted-video elementor-wrapper elementor-open-inline\">\n\t\t\t\t\t<video class=\"elementor-video\" src=\"https:\/\/crma.paradise-cosmetics.de\/wp-content\/uploads\/2025\/05\/geraet.5.mp4\" autoplay=\"\" loop=\"\" muted=\"muted\" playsinline=\"\" controlsList=\"nodownload\"><\/video>\n\t\t\t\t<\/div>\n\t\t\t\t\t\t<\/div>\n\t\t\t\t<\/div>\n\t\t\t\t\t<\/div>\n\t\t\t\t<\/div>\n\t\t<div class=\"elementor-element elementor-element-2577c3c e-flex e-con-boxed e-con e-parent\" data-id=\"2577c3c\" data-element_type=\"container\" data-e-type=\"container\">\n\t\t\t\t\t<div class=\"e-con-inner\">\n\t\t\t\t<div class=\"elementor-element elementor-element-99785a5 elementor-widget elementor-widget-spacer\" data-id=\"99785a5\" data-element_type=\"widget\" data-e-type=\"widget\" data-widget_type=\"spacer.default\">\n\t\t\t\t<div class=\"elementor-widget-container\">\n\t\t\t\t\t\t\t<div class=\"elementor-spacer\">\n\t\t\t<div class=\"elementor-spacer-inner\"><\/div>\n\t\t<\/div>\n\t\t\t\t\t\t<\/div>\n\t\t\t\t<\/div>\n\t\t\t\t\t<\/div>\n\t\t\t\t<\/div>\n\t\t<div class=\"elementor-element elementor-element-442b43c e-flex e-con-boxed e-con e-parent\" data-id=\"442b43c\" data-element_type=\"container\" data-e-type=\"container\">\n\t\t\t\t\t<div class=\"e-con-inner\">\n\t\t<div class=\"elementor-element elementor-element-daa4c79 e-con-full e-flex e-con e-child\" data-id=\"daa4c79\" data-element_type=\"container\" data-e-type=\"container\">\n\t\t\t\t<div class=\"elementor-element elementor-element-b1554b4 animated-slow elementor-invisible elementor-widget elementor-widget-text-editor\" data-id=\"b1554b4\" data-element_type=\"widget\" data-e-type=\"widget\" data-settings=\"{&quot;_animation&quot;:&quot;fadeInRight&quot;,&quot;_animation_delay&quot;:300}\" data-widget_type=\"text-editor.default\">\n\t\t\t\t<div class=\"elementor-widget-container\">\n\t\t\t\t\t\t\t\t\t<h4 data-start=\"107\" data-end=\"181\"><strong>EMS Muskelaufbau mit Diposhape \u2013 Effektive K\u00f6rperstraffung und Formung<\/strong><\/h4><p data-start=\"183\" data-end=\"559\">Das Diposhape-Ger\u00e4t bietet eine hochmoderne L\u00f6sung f\u00fcr alle, die ihre Muskulatur effektiv aufbauen und den K\u00f6rper gezielt straffen m\u00f6chten \u2013 ganz ohne intensives Training im Fitnessstudio. Diese innovative Technologie nutzt Elektro-Muskel-Stimulation (EMS), um die Muskulatur w\u00e4hrend einer halbst\u00fcndigen Sitzung bis zu 20.000 Mal zu aktivieren und zu bewegen.<\/p><p data-start=\"561\" data-end=\"1061\">Dank der EMS-Technologie werden die Muskeln aktiv trainiert, w\u00e4hrend du entspannt liegst. Das bedeutet f\u00fcr dich, dass du die Vorteile eines intensiven Trainings genie\u00dft, ohne dich k\u00f6rperlich anstrengen zu m\u00fcssen. Das Ergebnis: Dein K\u00f6rper wird gestrafft, die Muskulatur aufgebaut und deine K\u00f6rperform verbessert. Es f\u00fchlt sich an, als h\u00e4ttest du ein intensives Sportprogramm absolviert \u2013 und das ganz ohne den Aufwand und die Zeit, die du f\u00fcr ein herk\u00f6mmliches Training ben\u00f6tigen w\u00fcrdest.<\/p><h4 data-start=\"1063\" data-end=\"1118\"><strong>Leistungs\u00fcbersicht des Diposhape EMS-Muskelaufbaus:<\/strong><\/h4><ul data-start=\"1119\" data-end=\"2053\"><li data-start=\"1119\" data-end=\"1296\"><p data-start=\"1121\" data-end=\"1296\">F\u00fcr M\u00e4nner und Frauen geeignet: Die EMS-Behandlung ist sowohl f\u00fcr M\u00e4nner als auch Frauen optimal, die ihre Muskulatur gezielt aufbauen und den K\u00f6rper straffen m\u00f6chten.<\/p><\/li><li data-start=\"1300\" data-end=\"1505\"><p data-start=\"1302\" data-end=\"1505\">Muskelaufbau in k\u00fcrzester Zeit: In nur 30 Minuten erh\u00e4ltst du die Ergebnisse, die du normalerweise mit stundenlangen Trainingseinheiten erzielen w\u00fcrdest \u2013 ohne dass du dabei ins Schwitzen kommst.<\/p><\/li><li data-start=\"1507\" data-end=\"1762\"><p data-start=\"1509\" data-end=\"1762\">K\u00f6rperstraffung und Formung: Diposhape ist ideal zur Straffung des K\u00f6rpers und zur Formung von Problemzonen wie Bauch, Beinen oder Ges\u00e4\u00df. Die Muskulatur wird tiefgehend stimuliert, sodass du schnelle und sichtbare Ergebnisse erzielen kannst.<\/p><\/li><li data-start=\"1764\" data-end=\"2053\"><p data-start=\"1766\" data-end=\"2053\">Frisch aus dem Fitnessstudio: Nach der Diposhape-Behandlung f\u00fchlt sich dein K\u00f6rper so an, als h\u00e4ttest du ein intensives Sportprogramm absolviert. Es ist die perfekte L\u00f6sung f\u00fcr alle, die wenig Zeit haben, aber dennoch die Vorteile eines effektiven Trainings genie\u00dfen m\u00f6chten.<\/p><\/li><\/ul><h4 data-start=\"2055\" data-end=\"2104\"><strong>Warum Diposhape die ideale Wahl f\u00fcr dich ist:<\/strong><\/h4><ul data-start=\"2105\" data-end=\"2801\"><li data-start=\"2105\" data-end=\"2262\"><p data-start=\"2107\" data-end=\"2262\">Effektiver Muskelaufbau: Mit der EMS-Technologie von Diposhape wird deine Muskulatur intensiv trainiert, ohne dass du dich k\u00f6rperlich anstrengen musst.<\/p><\/li><li data-start=\"2266\" data-end=\"2459\"><p data-start=\"2268\" data-end=\"2459\">Zeitsparend und bequem: In nur einer halben Stunde erreichst du die Ergebnisse eines intensiven Trainings, w\u00e4hrend du bequem liegst \u2013 perfekt f\u00fcr Menschen mit einem vollen Terminkalender.<\/p><\/li><li data-start=\"2461\" data-end=\"2640\"><p data-start=\"2463\" data-end=\"2640\">Sichtbare Ergebnisse: Bereits nach wenigen Sitzungen wirst du eine deutliche Verbesserung der Muskulatur, eine Straffung und eine Formung deines K\u00f6rpers feststellen.<\/p><\/li><li data-start=\"2642\" data-end=\"2801\"><p data-start=\"2644\" data-end=\"2801\">Schmerzfreie und angenehme Behandlung: Die EMS-Behandlung ist schmerzfrei und angenehm, sodass du dich w\u00e4hrend der Sitzung vollst\u00e4ndig entspannen kannst.<\/p><\/li><\/ul><h4 data-start=\"2803\" data-end=\"3132\"><strong>Bereit, deine Muskulatur zu st\u00e4rken?<\/strong><\/h4><p data-start=\"2803\" data-end=\"3132\">Wenn du auf der Suche nach einer effektiven M\u00f6glichkeit bist, deinen K\u00f6rper zu straffen und deine Muskulatur aufzubauen, dann ist Diposhape die perfekte L\u00f6sung f\u00fcr dich. G\u00f6nn dir eine schnelle, effektive und bequeme Behandlung, die dir hilft, die gew\u00fcnschten Ergebnisse zu erzielen.<\/p><p data-start=\"3134\" data-end=\"3272\">Vereinbare noch heute deinen ersten Termin und erlebe, wie sich dein K\u00f6rper formt und deine Muskulatur w\u00e4chst \u2013 ganz ohne Anstrengung!<\/p>\t\t\t\t\t\t\t\t<\/div>\n\t\t\t\t<\/div>\n\t\t\t\t<\/div>\n\t\t<div class=\"elementor-element elementor-element-2944051 e-con-full e-flex e-con e-child\" data-id=\"2944051\" data-element_type=\"container\" data-e-type=\"container\">\n\t\t\t\t<div class=\"elementor-element elementor-element-f86ebcc animated-slow elementor-invisible elementor-widget elementor-widget-image\" data-id=\"f86ebcc\" data-element_type=\"widget\" data-e-type=\"widget\" data-settings=\"{&quot;_animation&quot;:&quot;fadeInLeft&quot;,&quot;_animation_delay&quot;:300}\" data-widget_type=\"image.default\">\n\t\t\t\t<div class=\"elementor-widget-container\">\n\t\t\t\t\t\t\t\t\t\t\t\t\t\t\t<img fetchpriority=\"high\" decoding=\"async\" width=\"202\" height=\"368\" src=\"https:\/\/crma.paradise-cosmetics.de\/wp-content\/uploads\/2025\/03\/DIPOSHAPE-removebg-preview.png\" class=\"attachment-large size-large wp-image-2032\" alt=\"\" srcset=\"https:\/\/crma.paradise-cosmetics.de\/wp-content\/uploads\/2025\/03\/DIPOSHAPE-removebg-preview.png 202w, https:\/\/crma.paradise-cosmetics.de\/wp-content\/uploads\/2025\/03\/DIPOSHAPE-removebg-preview-165x300.png 165w\" sizes=\"(max-width: 202px) 100vw, 202px\" \/>\t\t\t\t\t\t\t\t\t\t\t\t\t\t\t<\/div>\n\t\t\t\t<\/div>\n\t\t\t\t<div class=\"elementor-element elementor-element-52d4f70 animated-slow elementor-invisible elementor-widget elementor-widget-image\" data-id=\"52d4f70\" data-element_type=\"widget\" data-e-type=\"widget\" data-settings=\"{&quot;_animation&quot;:&quot;fadeInLeft&quot;,&quot;_animation_delay&quot;:300}\" data-widget_type=\"image.default\">\n\t\t\t\t<div class=\"elementor-widget-container\">\n\t\t\t\t\t\t\t\t\t\t\t\t\t\t\t\t<a href=\"https:\/\/crma.paradise-cosmetics.de\/wp-content\/uploads\/2025\/03\/Screenshot-2025-03-26-205000.png\" data-elementor-open-lightbox=\"yes\" data-elementor-lightbox-title=\"Screenshot 2025-03-26 205000\" data-e-action-hash=\"#elementor-action%3Aaction%3Dlightbox%26settings%3DeyJpZCI6MjY4OCwidXJsIjoiaHR0cHM6XC9cL2NybWEucGFyYWRpc2UtY29zbWV0aWNzLmRlXC93cC1jb250ZW50XC91cGxvYWRzXC8yMDI1XC8wM1wvU2NyZWVuc2hvdC0yMDI1LTAzLTI2LTIwNTAwMC5wbmcifQ%3D%3D\">\n\t\t\t\t\t\t\t<img decoding=\"async\" width=\"395\" height=\"442\" src=\"https:\/\/crma.paradise-cosmetics.de\/wp-content\/uploads\/2025\/03\/Screenshot-2025-03-26-205000.png\" class=\"attachment-large size-large wp-image-2688\" alt=\"\" srcset=\"https:\/\/crma.paradise-cosmetics.de\/wp-content\/uploads\/2025\/03\/Screenshot-2025-03-26-205000.png 395w, https:\/\/crma.paradise-cosmetics.de\/wp-content\/uploads\/2025\/03\/Screenshot-2025-03-26-205000-268x300.png 268w\" sizes=\"(max-width: 395px) 100vw, 395px\" \/>\t\t\t\t\t\t\t\t<\/a>\n\t\t\t\t\t\t\t\t\t\t\t\t\t\t\t<\/div>\n\t\t\t\t<\/div>\n\t\t\t\t<\/div>\n\t\t\t\t<div class=\"elementor-element elementor-element-e24e5e9 elementor-widget elementor-widget-spacer\" data-id=\"e24e5e9\" data-element_type=\"widget\" data-e-type=\"widget\" data-widget_type=\"spacer.default\">\n\t\t\t\t<div class=\"elementor-widget-container\">\n\t\t\t\t\t\t\t<div class=\"elementor-spacer\">\n\t\t\t<div class=\"elementor-spacer-inner\"><\/div>\n\t\t<\/div>\n\t\t\t\t\t\t<\/div>\n\t\t\t\t<\/div>\n\t\t\t\t\t<\/div>\n\t\t\t\t<\/div>\n\t\t<div class=\"elementor-element elementor-element-ff72260 e-flex e-con-boxed e-con e-parent\" data-id=\"ff72260\" data-element_type=\"container\" data-e-type=\"container\">\n\t\t\t\t\t<div class=\"e-con-inner\">\n\t\t\t\t<div class=\"elementor-element elementor-element-b71bea2 elementor-widget elementor-widget-spacer\" data-id=\"b71bea2\" data-element_type=\"widget\" data-e-type=\"widget\" data-widget_type=\"spacer.default\">\n\t\t\t\t<div class=\"elementor-widget-container\">\n\t\t\t\t\t\t\t<div class=\"elementor-spacer\">\n\t\t\t<div class=\"elementor-spacer-inner\"><\/div>\n\t\t<\/div>\n\t\t\t\t\t\t<\/div>\n\t\t\t\t<\/div>\n\t\t\t\t\t<\/div>\n\t\t\t\t<\/div>\n\t\t\t\t<\/div>\n\t\t","protected":false},"excerpt":{"rendered":"<p>https:\/\/crma.paradise-cosmetics.de\/wp-content\/uploads\/2025\/05\/geraet.5.mp4 EMS Muskelaufbau mit Diposhape \u2013 Effektive K\u00f6rperstraffung und Formung Das Diposhape-Ger\u00e4t bietet eine hochmoderne L\u00f6sung f\u00fcr alle, die ihre Muskulatur effektiv aufbauen und den K\u00f6rper gezielt straffen m\u00f6chten \u2013 ganz ohne intensives Training im Fitnessstudio. Diese innovative Technologie nutzt Elektro-Muskel-Stimulation (EMS), um die Muskulatur w\u00e4hrend einer halbst\u00fcndigen Sitzung bis zu 20.000 Mal zu aktivieren&#8230;<\/p>\n","protected":false},"author":1,"featured_media":2688,"parent":0,"menu_order":0,"comment_status":"closed","ping_status":"closed","template":"","meta":{"_kad_post_transparent":"","_kad_post_title":"","_kad_post_layout":"","_kad_post_sidebar_id":"","_kad_post_content_style":"","_kad_post_vertical_padding":"","_kad_post_feature":"","_kad_post_feature_position":"","_kad_post_header":false,"_kad_post_footer":false,"footnotes":""},"class_list":["post-650","page","type-page","status-publish","has-post-thumbnail","hentry"],"_links":{"self":[{"href":"https:\/\/crma.paradise-cosmetics.de\/index.php\/wp-json\/wp\/v2\/pages\/650","targetHints":{"allow":["GET"]}}],"collection":[{"href":"https:\/\/crma.paradise-cosmetics.de\/index.php\/wp-json\/wp\/v2\/pages"}],"about":[{"href":"https:\/\/crma.paradise-cosmetics.de\/index.php\/wp-json\/wp\/v2\/types\/page"}],"author":[{"embeddable":true,"href":"https:\/\/crma.paradise-cosmetics.de\/index.php\/wp-json\/wp\/v2\/users\/1"}],"replies":[{"embeddable":true,"href":"https:\/\/crma.paradise-cosmetics.de\/index.php\/wp-json\/wp\/v2\/comments?post=650"}],"version-history":[{"count":43,"href":"https:\/\/crma.paradise-cosmetics.de\/index.php\/wp-json\/wp\/v2\/pages\/650\/revisions"}],"predecessor-version":[{"id":3230,"href":"https:\/\/crma.paradise-cosmetics.de\/index.php\/wp-json\/wp\/v2\/pages\/650\/revisions\/3230"}],"wp:featuredmedia":[{"embeddable":true,"href":"https:\/\/crma.paradise-cosmetics.de\/index.php\/wp-json\/wp\/v2\/media\/2688"}],"wp:attachment":[{"href":"https:\/\/crma.paradise-cosmetics.de\/index.php\/wp-json\/wp\/v2\/media?parent=650"}],"curies":[{"name":"wp","href":"https:\/\/api.w.org\/{rel}","templated":true}]}}