{"id":734,"date":"2025-02-12T19:11:32","date_gmt":"2025-02-12T19:11:32","guid":{"rendered":"https:\/\/paradise-cosmetics.de\/?page_id=734"},"modified":"2025-05-30T13:53:42","modified_gmt":"2025-05-30T13:53:42","slug":"intim-achsel-knie-und-ellenbogen-aufhellung","status":"publish","type":"page","link":"https:\/\/crma.paradise-cosmetics.de\/index.php\/intim-achsel-knie-und-ellenbogen-aufhellung\/","title":{"rendered":"Intim-, Achsel-, Knie- und Ellenbogen Aufhellung"},"content":{"rendered":"\t\t<div data-elementor-type=\"wp-page\" data-elementor-id=\"734\" class=\"elementor elementor-734\" data-elementor-post-type=\"page\">\n\t\t\t\t<div class=\"elementor-element elementor-element-2577c3c e-flex e-con-boxed e-con e-parent\" data-id=\"2577c3c\" data-element_type=\"container\" data-e-type=\"container\">\n\t\t\t\t\t<div class=\"e-con-inner\">\n\t\t\t\t<div class=\"elementor-element elementor-element-99785a5 elementor-widget elementor-widget-spacer\" data-id=\"99785a5\" data-element_type=\"widget\" data-e-type=\"widget\" data-widget_type=\"spacer.default\">\n\t\t\t\t<div class=\"elementor-widget-container\">\n\t\t\t\t\t\t\t<div class=\"elementor-spacer\">\n\t\t\t<div class=\"elementor-spacer-inner\"><\/div>\n\t\t<\/div>\n\t\t\t\t\t\t<\/div>\n\t\t\t\t<\/div>\n\t\t\t\t\t<\/div>\n\t\t\t\t<\/div>\n\t\t<div class=\"elementor-element elementor-element-fd6b7a6 e-flex e-con-boxed e-con e-parent\" data-id=\"fd6b7a6\" data-element_type=\"container\" data-e-type=\"container\">\n\t\t\t\t\t<div class=\"e-con-inner\">\n\t\t<div class=\"elementor-element elementor-element-f666e37 e-con-full e-flex e-con e-child\" data-id=\"f666e37\" data-element_type=\"container\" data-e-type=\"container\">\n\t\t\t\t<div class=\"elementor-element elementor-element-f86ebcc animated-slow elementor-invisible elementor-widget elementor-widget-image\" data-id=\"f86ebcc\" data-element_type=\"widget\" data-e-type=\"widget\" data-settings=\"{&quot;_animation&quot;:&quot;fadeInLeft&quot;,&quot;_animation_delay&quot;:300}\" data-widget_type=\"image.default\">\n\t\t\t\t<div class=\"elementor-widget-container\">\n\t\t\t\t\t\t\t\t\t\t\t\t\t\t\t<img fetchpriority=\"high\" decoding=\"async\" width=\"768\" height=\"695\" src=\"https:\/\/crma.paradise-cosmetics.de\/wp-content\/uploads\/2025\/02\/Logo-Paradise-Cosmetics-trans-4-1.png\" class=\"attachment-large size-large wp-image-523\" alt=\"\" srcset=\"https:\/\/crma.paradise-cosmetics.de\/wp-content\/uploads\/2025\/02\/Logo-Paradise-Cosmetics-trans-4-1.png 768w, https:\/\/crma.paradise-cosmetics.de\/wp-content\/uploads\/2025\/02\/Logo-Paradise-Cosmetics-trans-4-1-300x271.png 300w\" sizes=\"(max-width: 768px) 100vw, 768px\" \/>\t\t\t\t\t\t\t\t\t\t\t\t\t\t\t<\/div>\n\t\t\t\t<\/div>\n\t\t\t\t<div class=\"elementor-element elementor-element-3ec33af animated-slow elementor-invisible elementor-widget elementor-widget-image\" data-id=\"3ec33af\" data-element_type=\"widget\" data-e-type=\"widget\" data-settings=\"{&quot;_animation&quot;:&quot;fadeInLeft&quot;,&quot;_animation_delay&quot;:300}\" data-widget_type=\"image.default\">\n\t\t\t\t<div class=\"elementor-widget-container\">\n\t\t\t\t\t\t\t\t\t\t\t\t\t\t\t\t<a href=\"https:\/\/crma.paradise-cosmetics.de\/wp-content\/uploads\/2025\/03\/WhatsApp-Bild-2025-03-25-um-14.09.13_55517826.jpg\" data-elementor-open-lightbox=\"yes\" data-elementor-lightbox-title=\"WhatsApp Bild 2025-03-25 um 14.09.13_55517826\" data-e-action-hash=\"#elementor-action%3Aaction%3Dlightbox%26settings%3DeyJpZCI6MjQyNCwidXJsIjoiaHR0cHM6XC9cL2NybWEucGFyYWRpc2UtY29zbWV0aWNzLmRlXC93cC1jb250ZW50XC91cGxvYWRzXC8yMDI1XC8wM1wvV2hhdHNBcHAtQmlsZC0yMDI1LTAzLTI1LXVtLTE0LjA5LjEzXzU1NTE3ODI2LmpwZyJ9\">\n\t\t\t\t\t\t\t<img decoding=\"async\" width=\"789\" height=\"1024\" src=\"https:\/\/crma.paradise-cosmetics.de\/wp-content\/uploads\/2025\/03\/WhatsApp-Bild-2025-03-25-um-14.09.13_55517826-789x1024.jpg\" class=\"attachment-large size-large wp-image-2424\" alt=\"\" srcset=\"https:\/\/crma.paradise-cosmetics.de\/wp-content\/uploads\/2025\/03\/WhatsApp-Bild-2025-03-25-um-14.09.13_55517826-789x1024.jpg 789w, https:\/\/crma.paradise-cosmetics.de\/wp-content\/uploads\/2025\/03\/WhatsApp-Bild-2025-03-25-um-14.09.13_55517826-231x300.jpg 231w, https:\/\/crma.paradise-cosmetics.de\/wp-content\/uploads\/2025\/03\/WhatsApp-Bild-2025-03-25-um-14.09.13_55517826-768x997.jpg 768w, https:\/\/crma.paradise-cosmetics.de\/wp-content\/uploads\/2025\/03\/WhatsApp-Bild-2025-03-25-um-14.09.13_55517826.jpg 1080w\" sizes=\"(max-width: 789px) 100vw, 789px\" \/>\t\t\t\t\t\t\t\t<\/a>\n\t\t\t\t\t\t\t\t\t\t\t\t\t\t\t<\/div>\n\t\t\t\t<\/div>\n\t\t\t\t<div class=\"elementor-element elementor-element-199f7ea animated-slow elementor-invisible elementor-widget elementor-widget-image\" data-id=\"199f7ea\" data-element_type=\"widget\" data-e-type=\"widget\" data-settings=\"{&quot;_animation&quot;:&quot;fadeInLeft&quot;,&quot;_animation_delay&quot;:300}\" data-widget_type=\"image.default\">\n\t\t\t\t<div class=\"elementor-widget-container\">\n\t\t\t\t\t\t\t\t\t\t\t\t\t\t\t\t<a href=\"https:\/\/crma.paradise-cosmetics.de\/wp-content\/uploads\/2025\/03\/Screenshot-2025-03-26-204749.png\" data-elementor-open-lightbox=\"yes\" data-elementor-lightbox-title=\"Screenshot 2025-03-26 204749\" data-e-action-hash=\"#elementor-action%3Aaction%3Dlightbox%26settings%3DeyJpZCI6MjY4NCwidXJsIjoiaHR0cHM6XC9cL2NybWEucGFyYWRpc2UtY29zbWV0aWNzLmRlXC93cC1jb250ZW50XC91cGxvYWRzXC8yMDI1XC8wM1wvU2NyZWVuc2hvdC0yMDI1LTAzLTI2LTIwNDc0OS5wbmcifQ%3D%3D\">\n\t\t\t\t\t\t\t<img decoding=\"async\" width=\"674\" height=\"835\" src=\"https:\/\/crma.paradise-cosmetics.de\/wp-content\/uploads\/2025\/03\/Screenshot-2025-03-26-204749.png\" class=\"attachment-large size-large wp-image-2684\" alt=\"\" srcset=\"https:\/\/crma.paradise-cosmetics.de\/wp-content\/uploads\/2025\/03\/Screenshot-2025-03-26-204749.png 674w, https:\/\/crma.paradise-cosmetics.de\/wp-content\/uploads\/2025\/03\/Screenshot-2025-03-26-204749-242x300.png 242w\" sizes=\"(max-width: 674px) 100vw, 674px\" \/>\t\t\t\t\t\t\t\t<\/a>\n\t\t\t\t\t\t\t\t\t\t\t\t\t\t\t<\/div>\n\t\t\t\t<\/div>\n\t\t\t\t<\/div>\n\t\t<div class=\"elementor-element elementor-element-b365f29 e-con-full e-flex e-con e-child\" data-id=\"b365f29\" data-element_type=\"container\" data-e-type=\"container\">\n\t\t\t\t<div class=\"elementor-element elementor-element-b1554b4 animated-slow elementor-invisible elementor-widget elementor-widget-text-editor\" data-id=\"b1554b4\" data-element_type=\"widget\" data-e-type=\"widget\" data-settings=\"{&quot;_animation&quot;:&quot;fadeInRight&quot;,&quot;_animation_delay&quot;:300}\" data-widget_type=\"text-editor.default\">\n\t\t\t\t<div class=\"elementor-widget-container\">\n\t\t\t\t\t\t\t\t\t<h4 data-start=\"0\" data-end=\"88\"><strong data-start=\"4\" data-end=\"88\">Intim-, Achsel-, Knie- und Ellenbogen Aufhellung \u2013 F\u00fcr Eine Glattere, Helle Haut<\/strong><\/h4><p data-start=\"90\" data-end=\"484\">Dunkle Hautstellen an besonders empfindlichen oder beanspruchten K\u00f6rperbereichen wie den Achseln, Knieen, Ellenbogen oder im Intimbereich k\u00f6nnen aus verschiedenen Gr\u00fcnden entstehen, wie z.B. Hautirritationen, Reibung, hormonelle Ver\u00e4nderungen oder genetische Veranlagung. Diese dunklen Stellen k\u00f6nnen das Hautbild beeintr\u00e4chtigen und viele Menschen empfinden sie als unangenehm.<\/p><p data-start=\"486\" data-end=\"946\">Unsere Aufhellungsbehandlung f\u00fcr Intimbereich, Achseln, Knie und Ellenbogen nutzt modernste Hautaufhellungstechnologien, um diese dunklen Stellen zu reduzieren und das Hautbild zu verfeinern. Die Behandlung sorgt f\u00fcr eine sanfte Aufhellung, gleichm\u00e4\u00dfigen Hautton und eine strahlende Haut in diesen Bereichen. Mit der richtigen Pflege nach der Behandlung kannst du dauerhaft von einem frischen, glatten und aufgehellten Hautbild profitieren.<\/p><h4 data-start=\"948\" data-end=\"988\"><strong data-start=\"952\" data-end=\"988\">Wie funktioniert die Aufhellung?<\/strong><\/h4><p data-start=\"990\" data-end=\"1386\">Die Aufhellungsbehandlung nutzt fortschrittliche Lichttechnologie und peelingaktive Substanzen, die gezielt die Melaninproduktion in der Haut reduzieren und die Hautstruktur verfeinern. W\u00e4hrend der Behandlung wird eine spezielle Aufhellungscreme oder Lasertechnologie auf die betroffenen Stellen aufgetragen, um die Haut sanft aufzuhellen und den Hautton zu harmonisieren.<\/p><p data-start=\"1388\" data-end=\"1659\">Die Behandlung ist schmerzfrei, schonend und ideal f\u00fcr empfindliche Hautstellen. Sie wirkt effektiv auf dunkle Hautstellen, ohne die umliegende Haut zu reizen. Schon nach wenigen Sitzungen wirst du einen sichtbaren Unterschied in der Hautfarbe und -struktur bemerken.<\/p><h4 data-start=\"1661\" data-end=\"1741\"><strong data-start=\"1665\" data-end=\"1741\">Leistungs\u00fcbersicht der Intim-, Achsel-, Knie- und Ellenbogen Aufhellung:<\/strong><\/h4><ul data-start=\"1743\" data-end=\"2340\"><li data-start=\"1743\" data-end=\"1854\">Schonende Aufhellung: Reduziert dunkle Flecken und sorgt f\u00fcr einen helleren, gleichm\u00e4\u00dfigeren Hautton.<\/li><li data-start=\"1855\" data-end=\"2022\">Sanfte Behandlung: Die Behandlung ist schmerzfrei, sicher und speziell f\u00fcr empfindliche Hautbereiche wie Achseln, Knie, Ellenbogen und Intimbereich geeignet.<\/li><li data-start=\"2023\" data-end=\"2194\">Langfristige Ergebnisse: Mit regelm\u00e4\u00dfigen Sitzungen und richtiger Nachbehandlung kannst du dauerhaft von einer helleren und gleichm\u00e4\u00dfigeren Haut profitieren.<\/li><li data-start=\"2195\" data-end=\"2340\">Effektive Pflege: Die Haut wird intensiv mit n\u00e4hrenden und feuchtigkeitsspendenden Substanzen versorgt, die die Haut gesund halten.<\/li><\/ul><h4 data-start=\"2342\" data-end=\"2383\"><strong data-start=\"2346\" data-end=\"2383\">Ablauf der Aufhellungsbehandlung:<\/strong><\/h4><ol data-start=\"2385\" data-end=\"3093\"><li data-start=\"2385\" data-end=\"2554\">Beratungsgespr\u00e4ch: Zu Beginn erfolgt eine umfassende Beratung, bei der deine Hautprobleme und W\u00fcnsche besprochen werden, um die Behandlung individuell anzupassen.<\/li><li data-start=\"2555\" data-end=\"2834\">Behandlung: Die Haut wird gereinigt, und anschlie\u00dfend wird die spezielle Aufhellungscreme oder das Laserlicht sanft auf die betroffenen Stellen aufgetragen. Bei Laserbehandlungen dringen Lichtimpulse in die Haut ein, um die Melaninproduktion gezielt zu reduzieren.<\/li><li data-start=\"2835\" data-end=\"3093\">Nachsorge: Nach der Behandlung wird die Haut mit einer beruhigenden Creme behandelt, um R\u00f6tungen oder Irritationen zu minimieren. Es ist ratsam, die behandelten Stellen vor direkter Sonneneinstrahlung zu sch\u00fctzen, um die besten Ergebnisse zu erzielen.<\/li><\/ol><h4 data-start=\"3095\" data-end=\"3165\"><strong data-start=\"3099\" data-end=\"3165\">Vorteile der Intim-, Achsel-, Knie- und Ellenbogen Aufhellung:<\/strong><\/h4><ul data-start=\"3167\" data-end=\"3809\"><li data-start=\"3167\" data-end=\"3317\"><h4><strong data-start=\"3169\" data-end=\"3194\">Sanfte Hautaufhellung<\/strong>: Mit der speziellen Technologie kannst du dunkle Hautstellen schnell und effektiv aufhellen, ohne deine Haut zu sch\u00e4digen.<\/h4><\/li><li data-start=\"3318\" data-end=\"3434\"><h4><strong data-start=\"3320\" data-end=\"3345\">Gleichm\u00e4\u00dfiger Hautton<\/strong>: Die Haut wird <strong data-start=\"3361\" data-end=\"3372\">weicher<\/strong> und der Hautton wird <strong data-start=\"3394\" data-end=\"3410\">harmonischer<\/strong> und <strong data-start=\"3415\" data-end=\"3433\">ausgeglichener<\/strong>.<\/h4><\/li><li data-start=\"3435\" data-end=\"3569\"><h4><strong data-start=\"3437\" data-end=\"3460\">Schonend und sicher<\/strong>: Besonders f\u00fcr empfindliche Hautbereiche geeignet, da die Behandlung <strong data-start=\"3530\" data-end=\"3542\">schonend<\/strong> und <strong data-start=\"3547\" data-end=\"3564\">nicht-invasiv<\/strong> ist.<\/h4><\/li><li data-start=\"3570\" data-end=\"3687\"><h4><strong data-start=\"3572\" data-end=\"3596\">Sichtbare Ergebnisse<\/strong>: Schon nach wenigen Sitzungen wirst du eine sp\u00fcrbare Verbesserung im Hautbild feststellen.<\/h4><\/li><li data-start=\"3688\" data-end=\"3809\"><h4><strong data-start=\"3690\" data-end=\"3714\">Langfristige Wirkung<\/strong>: Bei regelm\u00e4\u00dfigen Sitzungen und richtiger Nachsorge bleiben die Ergebnisse dauerhaft sichtbar.<\/h4><\/li><\/ul><h4 data-start=\"3811\" data-end=\"3859\"><strong data-start=\"3815\" data-end=\"3859\">Warum die Aufhellungsbehandlung bei uns?<\/strong><\/h4><p data-start=\"3861\" data-end=\"4251\">Unsere Experten bieten dir eine individuelle, sichere und effektive L\u00f6sung, um Hautverf\u00e4rbungen in empfindlichen K\u00f6rperbereichen zu behandeln. Wir arbeiten mit modernen und sanften Techniken, die sichtbare Ergebnisse liefern und deine Haut gleichzeitig pflegen. Du kannst dich auf eine Behandlung verlassen, die deine Haut aufhellt und f\u00fcr ein frisches, jugendliches Aussehen sorgt.<\/p><p data-start=\"4253\" data-end=\"4382\">Buch dir noch heute deinen Termin und erlebe eine aufgehellte, strahlende Haut in den sensiblen Bereichen deines K\u00f6rpers!<\/p>\t\t\t\t\t\t\t\t<\/div>\n\t\t\t\t<\/div>\n\t\t\t\t<\/div>\n\t\t\t\t\t<\/div>\n\t\t\t\t<\/div>\n\t\t<div class=\"elementor-element elementor-element-b5c78ea e-flex e-con-boxed e-con e-parent\" data-id=\"b5c78ea\" data-element_type=\"container\" data-e-type=\"container\">\n\t\t\t\t\t<div class=\"e-con-inner\">\n\t\t\t\t<div class=\"elementor-element elementor-element-0808bb7 elementor-widget elementor-widget-spacer\" data-id=\"0808bb7\" data-element_type=\"widget\" data-e-type=\"widget\" data-widget_type=\"spacer.default\">\n\t\t\t\t<div class=\"elementor-widget-container\">\n\t\t\t\t\t\t\t<div class=\"elementor-spacer\">\n\t\t\t<div class=\"elementor-spacer-inner\"><\/div>\n\t\t<\/div>\n\t\t\t\t\t\t<\/div>\n\t\t\t\t<\/div>\n\t\t\t\t\t<\/div>\n\t\t\t\t<\/div>\n\t\t<div class=\"elementor-element elementor-element-59d2482 e-flex e-con-boxed e-con e-parent\" data-id=\"59d2482\" data-element_type=\"container\" data-e-type=\"container\">\n\t\t\t\t\t<div class=\"e-con-inner\">\n\t\t<div class=\"elementor-element elementor-element-1479502 e-con-full e-flex e-con e-child\" data-id=\"1479502\" data-element_type=\"container\" data-e-type=\"container\">\n\t\t\t\t<div class=\"elementor-element elementor-element-328b111 animated-slow elementor-invisible elementor-widget elementor-widget-image\" data-id=\"328b111\" data-element_type=\"widget\" data-e-type=\"widget\" data-settings=\"{&quot;_animation&quot;:&quot;fadeInLeft&quot;,&quot;_animation_delay&quot;:300}\" data-widget_type=\"image.default\">\n\t\t\t\t<div class=\"elementor-widget-container\">\n\t\t\t\t\t\t\t\t\t\t\t\t\t\t\t\t<a href=\"https:\/\/crma.paradise-cosmetics.de\/wp-content\/uploads\/2025\/03\/WhatsApp-Bild-2025-03-25-um-14.09.12_93c3a2cc.jpg\" data-elementor-open-lightbox=\"yes\" data-elementor-lightbox-title=\"WhatsApp Bild 2025-03-25 um 14.09.12_93c3a2cc\" data-e-action-hash=\"#elementor-action%3Aaction%3Dlightbox%26settings%3DeyJpZCI6MjQyMCwidXJsIjoiaHR0cHM6XC9cL2NybWEucGFyYWRpc2UtY29zbWV0aWNzLmRlXC93cC1jb250ZW50XC91cGxvYWRzXC8yMDI1XC8wM1wvV2hhdHNBcHAtQmlsZC0yMDI1LTAzLTI1LXVtLTE0LjA5LjEyXzkzYzNhMmNjLmpwZyJ9\">\n\t\t\t\t\t\t\t<img loading=\"lazy\" decoding=\"async\" width=\"1024\" height=\"970\" src=\"https:\/\/crma.paradise-cosmetics.de\/wp-content\/uploads\/2025\/03\/WhatsApp-Bild-2025-03-25-um-14.09.12_93c3a2cc-1024x970.jpg\" class=\"attachment-large size-large wp-image-2420\" alt=\"\" srcset=\"https:\/\/crma.paradise-cosmetics.de\/wp-content\/uploads\/2025\/03\/WhatsApp-Bild-2025-03-25-um-14.09.12_93c3a2cc-1024x970.jpg 1024w, https:\/\/crma.paradise-cosmetics.de\/wp-content\/uploads\/2025\/03\/WhatsApp-Bild-2025-03-25-um-14.09.12_93c3a2cc-300x284.jpg 300w, https:\/\/crma.paradise-cosmetics.de\/wp-content\/uploads\/2025\/03\/WhatsApp-Bild-2025-03-25-um-14.09.12_93c3a2cc-768x727.jpg 768w, https:\/\/crma.paradise-cosmetics.de\/wp-content\/uploads\/2025\/03\/WhatsApp-Bild-2025-03-25-um-14.09.12_93c3a2cc.jpg 1080w\" sizes=\"(max-width: 1024px) 100vw, 1024px\" \/>\t\t\t\t\t\t\t\t<\/a>\n\t\t\t\t\t\t\t\t\t\t\t\t\t\t\t<\/div>\n\t\t\t\t<\/div>\n\t\t\t\t<\/div>\n\t\t<div class=\"elementor-element elementor-element-817d202 e-con-full e-flex e-con e-child\" data-id=\"817d202\" data-element_type=\"container\" data-e-type=\"container\">\n\t\t\t\t<div class=\"elementor-element elementor-element-3fa31dc animated-slow elementor-invisible elementor-widget elementor-widget-image\" data-id=\"3fa31dc\" data-element_type=\"widget\" data-e-type=\"widget\" data-settings=\"{&quot;_animation&quot;:&quot;fadeInUp&quot;,&quot;_animation_delay&quot;:300}\" data-widget_type=\"image.default\">\n\t\t\t\t<div class=\"elementor-widget-container\">\n\t\t\t\t\t\t\t\t\t\t\t\t\t\t\t\t<a href=\"https:\/\/crma.paradise-cosmetics.de\/wp-content\/uploads\/2025\/03\/Screenshot-2025-03-26-204602.png\" data-elementor-open-lightbox=\"yes\" data-elementor-lightbox-title=\"Screenshot 2025-03-26 204602\" data-e-action-hash=\"#elementor-action%3Aaction%3Dlightbox%26settings%3DeyJpZCI6MjY4MCwidXJsIjoiaHR0cHM6XC9cL2NybWEucGFyYWRpc2UtY29zbWV0aWNzLmRlXC93cC1jb250ZW50XC91cGxvYWRzXC8yMDI1XC8wM1wvU2NyZWVuc2hvdC0yMDI1LTAzLTI2LTIwNDYwMi5wbmcifQ%3D%3D\">\n\t\t\t\t\t\t\t<img loading=\"lazy\" decoding=\"async\" width=\"841\" height=\"689\" src=\"https:\/\/crma.paradise-cosmetics.de\/wp-content\/uploads\/2025\/03\/Screenshot-2025-03-26-204602.png\" class=\"attachment-large size-large wp-image-2680\" alt=\"\" srcset=\"https:\/\/crma.paradise-cosmetics.de\/wp-content\/uploads\/2025\/03\/Screenshot-2025-03-26-204602.png 841w, https:\/\/crma.paradise-cosmetics.de\/wp-content\/uploads\/2025\/03\/Screenshot-2025-03-26-204602-300x246.png 300w, https:\/\/crma.paradise-cosmetics.de\/wp-content\/uploads\/2025\/03\/Screenshot-2025-03-26-204602-768x629.png 768w\" sizes=\"(max-width: 841px) 100vw, 841px\" \/>\t\t\t\t\t\t\t\t<\/a>\n\t\t\t\t\t\t\t\t\t\t\t\t\t\t\t<\/div>\n\t\t\t\t<\/div>\n\t\t\t\t<\/div>\n\t\t<div class=\"elementor-element elementor-element-5bb2681 e-con-full e-flex e-con e-child\" data-id=\"5bb2681\" data-element_type=\"container\" data-e-type=\"container\">\n\t\t\t\t<div class=\"elementor-element elementor-element-5d51f39 animated-slow elementor-invisible elementor-widget elementor-widget-image\" data-id=\"5d51f39\" data-element_type=\"widget\" data-e-type=\"widget\" data-settings=\"{&quot;_animation&quot;:&quot;fadeInRight&quot;,&quot;_animation_delay&quot;:300}\" data-widget_type=\"image.default\">\n\t\t\t\t<div class=\"elementor-widget-container\">\n\t\t\t\t\t\t\t\t\t\t\t\t\t\t\t\t<a href=\"https:\/\/crma.paradise-cosmetics.de\/wp-content\/uploads\/2025\/03\/WhatsApp-Bild-2025-03-23-um-13.12.13_29ac89f3.jpg\" data-elementor-open-lightbox=\"yes\" data-elementor-lightbox-title=\"WhatsApp Bild 2025-03-23 um 13.12.13_29ac89f3\" data-e-action-hash=\"#elementor-action%3Aaction%3Dlightbox%26settings%3DeyJpZCI6MTk5MSwidXJsIjoiaHR0cHM6XC9cL2NybWEucGFyYWRpc2UtY29zbWV0aWNzLmRlXC93cC1jb250ZW50XC91cGxvYWRzXC8yMDI1XC8wM1wvV2hhdHNBcHAtQmlsZC0yMDI1LTAzLTIzLXVtLTEzLjEyLjEzXzI5YWM4OWYzLmpwZyJ9\">\n\t\t\t\t\t\t\t<img loading=\"lazy\" decoding=\"async\" width=\"1024\" height=\"828\" src=\"https:\/\/crma.paradise-cosmetics.de\/wp-content\/uploads\/2025\/03\/WhatsApp-Bild-2025-03-23-um-13.12.13_29ac89f3-1024x828.jpg\" class=\"attachment-large size-large wp-image-1991\" alt=\"\" srcset=\"https:\/\/crma.paradise-cosmetics.de\/wp-content\/uploads\/2025\/03\/WhatsApp-Bild-2025-03-23-um-13.12.13_29ac89f3-1024x828.jpg 1024w, https:\/\/crma.paradise-cosmetics.de\/wp-content\/uploads\/2025\/03\/WhatsApp-Bild-2025-03-23-um-13.12.13_29ac89f3-300x242.jpg 300w, https:\/\/crma.paradise-cosmetics.de\/wp-content\/uploads\/2025\/03\/WhatsApp-Bild-2025-03-23-um-13.12.13_29ac89f3-768x621.jpg 768w, https:\/\/crma.paradise-cosmetics.de\/wp-content\/uploads\/2025\/03\/WhatsApp-Bild-2025-03-23-um-13.12.13_29ac89f3-1536x1241.jpg 1536w, https:\/\/crma.paradise-cosmetics.de\/wp-content\/uploads\/2025\/03\/WhatsApp-Bild-2025-03-23-um-13.12.13_29ac89f3.jpg 2048w\" sizes=\"(max-width: 1024px) 100vw, 1024px\" \/>\t\t\t\t\t\t\t\t<\/a>\n\t\t\t\t\t\t\t\t\t\t\t\t\t\t\t<\/div>\n\t\t\t\t<\/div>\n\t\t\t\t<\/div>\n\t\t\t\t\t<\/div>\n\t\t\t\t<\/div>\n\t\t\t\t<\/div>\n\t\t","protected":false},"excerpt":{"rendered":"<p>Intim-, Achsel-, Knie- und Ellenbogen Aufhellung \u2013 F\u00fcr Eine Glattere, Helle Haut Dunkle Hautstellen an besonders empfindlichen oder beanspruchten K\u00f6rperbereichen wie den Achseln, Knieen, Ellenbogen oder im Intimbereich k\u00f6nnen aus verschiedenen Gr\u00fcnden entstehen, wie z.B. Hautirritationen, Reibung, hormonelle Ver\u00e4nderungen oder genetische Veranlagung. Diese dunklen Stellen k\u00f6nnen das Hautbild beeintr\u00e4chtigen und viele Menschen empfinden sie als&#8230;<\/p>\n","protected":false},"author":1,"featured_media":558,"parent":0,"menu_order":0,"comment_status":"closed","ping_status":"closed","template":"","meta":{"_kad_post_transparent":"","_kad_post_title":"","_kad_post_layout":"","_kad_post_sidebar_id":"","_kad_post_content_style":"","_kad_post_vertical_padding":"","_kad_post_feature":"","_kad_post_feature_position":"","_kad_post_header":false,"_kad_post_footer":false,"footnotes":""},"class_list":["post-734","page","type-page","status-publish","has-post-thumbnail","hentry"],"_links":{"self":[{"href":"https:\/\/crma.paradise-cosmetics.de\/index.php\/wp-json\/wp\/v2\/pages\/734","targetHints":{"allow":["GET"]}}],"collection":[{"href":"https:\/\/crma.paradise-cosmetics.de\/index.php\/wp-json\/wp\/v2\/pages"}],"about":[{"href":"https:\/\/crma.paradise-cosmetics.de\/index.php\/wp-json\/wp\/v2\/types\/page"}],"author":[{"embeddable":true,"href":"https:\/\/crma.paradise-cosmetics.de\/index.php\/wp-json\/wp\/v2\/users\/1"}],"replies":[{"embeddable":true,"href":"https:\/\/crma.paradise-cosmetics.de\/index.php\/wp-json\/wp\/v2\/comments?post=734"}],"version-history":[{"count":49,"href":"https:\/\/crma.paradise-cosmetics.de\/index.php\/wp-json\/wp\/v2\/pages\/734\/revisions"}],"predecessor-version":[{"id":3254,"href":"https:\/\/crma.paradise-cosmetics.de\/index.php\/wp-json\/wp\/v2\/pages\/734\/revisions\/3254"}],"wp:featuredmedia":[{"embeddable":true,"href":"https:\/\/crma.paradise-cosmetics.de\/index.php\/wp-json\/wp\/v2\/media\/558"}],"wp:attachment":[{"href":"https:\/\/crma.paradise-cosmetics.de\/index.php\/wp-json\/wp\/v2\/media?parent=734"}],"curies":[{"name":"wp","href":"https:\/\/api.w.org\/{rel}","templated":true}]}}